{"id":4185,"date":"2021-10-13T09:40:49","date_gmt":"2021-10-13T09:40:49","guid":{"rendered":"https:\/\/vl-consultoria.com\/?page_id=4185"},"modified":"2021-11-12T09:28:26","modified_gmt":"2021-11-12T09:28:26","slug":"terms-and-conditions","status":"publish","type":"page","link":"https:\/\/vl-consultoria.com\/pt\/terms-and-conditions\/","title":{"rendered":"Termos e Condi\u00e7\u00f5es"},"content":{"rendered":"<p>Bem-vindo \u00e0 Vl-consultoria!<\/p>\n\n\n\n<p>Estes termos e condi\u00e7\u00f5es descrevem as regras e regulamentos de utiliza\u00e7\u00e3o do Site VANTAGEM LOUV\u00c1VEL \u2013 UNIPERSSOAL LDA, localizado em <a href=\"https:\/\/vl-consultoria.com\/pt\/\">https:\/\/vl-consultoria.com\/<\/a>.<\/p>\n\n\n\n<p>Ao acessar este site, consideramos que voc\u00ea aceita estes termos e condi\u00e7\u00f5es. N\u00e3o continue a utilizar o site da Vl-consultoria se n\u00e3o concordar em aceitar todos os termos e condi\u00e7\u00f5es indicados nesta p\u00e1gina.<\/p>\n\n\n\n<p><strong><u>Licen\u00e7a<\/u><\/strong><\/p>\n\n\n\n<p>Salvo declarado ao contr\u00e1rio, a VANTAGEM LOUV\u00c1VEL \u2013 UNIPERSSOAL LDA e\/ou os seus licenciados det\u00eam os direitos de propriedade intelectual de todo o material da Vl-consultoria. Todos os direitos de propriedade intelectual s\u00e3o reservados. Voc\u00ea pode acess\u00e1-los na Vl-consultoria para seu uso pessoal sujeito \u00e0s restri\u00e7\u00f5es estabelecidas nestes termos e condi\u00e7\u00f5es.<\/p>\n\n\n\n<p>Voc\u00ea n\u00e3o deve:<\/p>\n\n\n\n<ul><li>Republicar material da Vl-consultoria<\/li><li>Vender, alugar ou sublicenciar material da Vl-consultoria<\/li><li>Reproduzir, duplicar ou copiar material da Vl-consultoria<\/li><li>Redistribuir conte\u00fado da Vl-consultoria<\/li><\/ul>\n\n\n\n<p>Este Acordo ter\u00e1 in\u00edcio na presente data.<\/p>\n\n\n\n<p><strong><u>Significados<\/u><\/strong><\/p>\n\n\n\n<p>Para estes Termos e Condi\u00e7\u00f5es:<\/p>\n\n\n\n<p>&nbsp; -Cookie:\u00a0pequena quantidade de dados gerados por um site e salvos pelo seu navegador. Ele \u00e9 usado para identificar seu navegador, fornecer an\u00e1lises e lembrar informa\u00e7\u00f5es sobre voc\u00ea, como sua prefer\u00eancia de idioma ou informa\u00e7\u00f5es de login.<\/p>\n\n\n\n<p>&nbsp; -Empresa: quando esta pol\u00edtica menciona \u201cEmpresa\u201d, \u201cn\u00f3s\u201d, \u201cnos\u201d ou \u201cnosso\u201d, refere-se \u00e0 VANTAGEM LOUV\u00c1VEL \u2013 UNIPERSSOAL LDA (Rua da Alf\u00e2ndega 10, Funchal, 9000-059, Ilha da Madeira, Portugal), que \u00e9 respons\u00e1vel por suas informa\u00e7\u00f5es sob estes Termos e Condi\u00e7\u00f5es.<\/p>\n\n\n\n<p>&nbsp; -Pa\u00eds: onde a Vl-consultoria ou os propriet\u00e1rios\/fundadores da Vl-consultoria est\u00e3o sediados, neste caso \u00e9 Portugal<\/p>\n\n\n\n<p>&nbsp; -Dispositivo:\u00a0qualquer dispositivo conectado \u00e0 Internet, como celular, tablet, computador ou qualquer outro dispositivo que possa ser usado para visitar a Vl-consultoria e usar os servi\u00e7os.<\/p>\n\n\n\n<p>&nbsp; -Servi\u00e7o: refere-se ao Servi\u00e7o prestado pela Vl-consultoria conforme descrito nos termos relativos (se dispon\u00edveis) e nesta plataforma.<\/p>\n\n\n\n<p>&nbsp; -Servi\u00e7o de terceiros:\u00a0refere-se a anunciantes, patrocinadores de concursos, parceiros promocionais e de marketing e outros que fornecem nosso conte\u00fado ou cujos produtos ou servi\u00e7os podem ser do seu interesse.<\/p>\n\n\n\n<p>&nbsp; -Site: Site da VANTAGEM LOUV\u00c1VEL \u2013 UNIPERSSOAL LDA, que pode ser acessado atrav\u00e9s deste URL:\u00a0 <a href=\"https:\/\/vl-consultoria.com\/pt\/\">https:\/\/vl-consultoria.com\/<\/a><\/p>\n\n\n\n<p>&nbsp; -Voc\u00ea: uma pessoa ou entidade que est\u00e1 cadastrada na Vl-consultoria para usar os Servi\u00e7os.<\/p>\n\n\n\n<p><a><\/a><strong><u>Cookies<\/u><\/strong><\/p>\n\n\n\n<p>Empregamos o uso de cookies. Ao acessar o site da Vl-consultoria, voc\u00ea concorda em utilizar os cookies de acordo com a Pol\u00edtica de Privacidade da VANTAGEM LOUV\u00c1VEL \u2013 UNIPERSSOAL LDA.<\/p>\n\n\n\n<p>A maioria dos sites interativos usa cookies para nos permitir recuperar os detalhes do usu\u00e1rio para cada visita. Os cookies s\u00e3o usados \u200b\u200bpelo nosso site para habilitar a funcionalidade de determinadas \u00e1reas para facilitar as pessoas que visitam nosso site. Alguns de nossos afiliados\/parceiros de publicidade tamb\u00e9m podem usar cookies.<\/p>\n\n\n\n<p><strong><u>Responsabilidade Sobre o Conte\u00fado<\/u><\/strong><\/p>\n\n\n\n<p>N\u00e3o nos responsabilizamos por qualquer conte\u00fado que apare\u00e7a em seu site. Voc\u00ea concorda em nos proteger e nos defender contra todas as reivindica\u00e7\u00f5es que surgirem em seu site. Nenhum link(s) deve(m) aparecer em qualquer site que possa ser interpretado como difamat\u00f3rio, obsceno ou criminoso, ou que infrinja, de outra forma viole ou defenda a viola\u00e7\u00e3o ou outra viola\u00e7\u00e3o de quaisquer direitos de terceiros.<\/p>\n\n\n\n<p><strong><u>Sua Privacidade<\/u><\/strong><\/p>\n\n\n\n<p>Por favor, leia a Pol\u00edtica de Privacidade.<\/p>\n\n\n\n<p><strong><u>Reserva de Direitos<\/u><\/strong><\/p>\n\n\n\n<p>Reservamo-nos o direito de solicitar que voc\u00ea remova todos os links ou qualquer link espec\u00edfico para o nosso site. Voc\u00ea aprova a remo\u00e7\u00e3o imediata de todos os links para nosso site mediante solicita\u00e7\u00e3o. Tamb\u00e9m nos reservamos o direito de alterar estes termos e condi\u00e7\u00f5es e sua pol\u00edtica de vincula\u00e7\u00e3o a qualquer momento. Ao vincular continuamente ao nosso site, voc\u00ea concorda em se comprometer e seguir estes termos e condi\u00e7\u00f5es de vincula\u00e7\u00e3o.<\/p>\n\n\n\n<p><strong><u>Remo\u00e7\u00e3o de links do nosso site<\/u><\/strong><\/p>\n\n\n\n<p>Se voc\u00ea encontrar algum link em nosso site que seja ofensivo por qualquer motivo, voc\u00ea pode entrar em contato e nos informar a qualquer momento. Consideraremos as solicita\u00e7\u00f5es para remover links, mas n\u00e3o somos obrigados a responder a voc\u00ea diretamente.<\/p>\n\n\n\n<p>N\u00e3o garantimos que as informa\u00e7\u00f5es neste site estejam corretas, n\u00e3o garantimos sua integridade ou precis\u00e3o; nem prometemos garantir que o site permane\u00e7a dispon\u00edvel ou que o material no site seja mantido atualizado.<\/p>\n\n\n\n<p><strong><u>Isen\u00e7\u00e3o de Responsabilidade<\/u><\/strong><\/p>\n\n\n\n<p>Na extens\u00e3o m\u00e1xima permitida pela lei aplic\u00e1vel, exclu\u00edmos todas as representa\u00e7\u00f5es, garantias e condi\u00e7\u00f5es relacionadas ao nosso site e ao uso deste site. Nada nesta isen\u00e7\u00e3o de responsabilidade ir\u00e1:<\/p>\n\n\n\n<ul><li>limitar ou excluir nossa ou sua responsabilidade por morte ou danos pessoais;<\/li><li>limitar ou excluir nossa ou sua responsabilidade por fraude ou deturpa\u00e7\u00e3o fraudulenta;<\/li><li>limitar qualquer uma de nossas ou suas responsabilidades de qualquer forma que n\u00e3o seja permitida pela lei aplic\u00e1vel; ou<\/li><li>excluir qualquer uma de nossas ou suas responsabilidades que n\u00e3o possam ser exclu\u00eddas pela lei aplic\u00e1vel.<\/li><\/ul>\n\n\n\n<p>As limita\u00e7\u00f5es e proibi\u00e7\u00f5es de isen\u00e7\u00e3o de responsabilidade estabelecidas nesta Se\u00e7\u00e3o e em outras partes desta isen\u00e7\u00e3o de responsabilidade: (a) est\u00e3o sujeitas ao par\u00e1grafo anterior; e (b) reger todas as responsabilidades decorrentes da isen\u00e7\u00e3o de responsabilidade, incluindo responsabilidades decorrentes de Acordo, delito e viola\u00e7\u00e3o de dever legal.<\/p>\n\n\n\n<p>Enquanto o site e as informa\u00e7\u00f5es e servi\u00e7os no site sejam fornecidos gratuitamente, n\u00e3o seremos respons\u00e1veis \u200b\u200bpor quaisquer perdas ou danos de qualquer natureza.<\/p>\n\n\n\n<p><strong><u>Altera\u00e7\u00f5es Nos Nossos Termos e Condi\u00e7\u00f5es<\/u><\/strong><\/p>\n\n\n\n<p>Voc\u00ea reconhece e concorda que a Vl-consultoria pode parar (permanente ou temporariamente) de fornecer o Servi\u00e7o (ou quaisquer recursos dentro do Servi\u00e7o) para voc\u00ea ou para usu\u00e1rios em geral a crit\u00e9rio exclusivo da Vl-consultoria, sem aviso pr\u00e9vio. Voc\u00ea pode parar de usar o Servi\u00e7o a qualquer momento. Voc\u00ea n\u00e3o precisa informar especificamente a Vl-consultoria quando parar de usar o Servi\u00e7o. Voc\u00ea reconhece e concorda que, se a Vl-consultoria desabilitar o acesso \u00e0 sua conta, voc\u00ea poder\u00e1 ser impedido de acessar o Servi\u00e7o, os detalhes da sua conta ou quaisquer arquivos ou outros materiais contidos em sua conta.<\/p>\n\n\n\n<p>Se decidirmos alterar nossos Termos e Condi\u00e7\u00f5es, publicaremos essas altera\u00e7\u00f5es nesta p\u00e1gina e\/ou atualizaremos a data de modifica\u00e7\u00e3o dos Termos e Condi\u00e7\u00f5es abaixo.<\/p>\n\n\n\n<p><strong><u>Prazo e Rescis\u00e3o<\/u><\/strong><\/p>\n\n\n\n<p>Este Acordo permanecer\u00e1 em vigor at\u00e9 que seja rescindido por voc\u00ea ou pela Vl-consultoria.<\/p>\n\n\n\n<p>A Vl-consultoria poder\u00e1, a seu exclusivo crit\u00e9rio, a qualquer momento e por qualquer motivo ou sem motivo, suspender ou rescindir este Acordo com ou sem aviso pr\u00e9vio.<\/p>\n\n\n\n<p>Este Acordo ser\u00e1 rescindido imediatamente, sem aviso pr\u00e9vio da Vl-consultoria, caso voc\u00ea n\u00e3o cumpra qualquer disposi\u00e7\u00e3o deste Acordo. Voc\u00ea tamb\u00e9m pode rescindir este Acordo excluindo o site e todas as suas c\u00f3pias do seu computador.<\/p>\n\n\n\n<p>Ap\u00f3s a rescis\u00e3o deste Acordo, voc\u00ea deve cessar todo o uso do site e excluir todas as c\u00f3pias do site do seu computador.<\/p>\n\n\n\n<p>A rescis\u00e3o deste Acordo n\u00e3o limitar\u00e1 nenhum dos direitos ou recursos da VL-consultoria em lei ou em equidade em caso de viola\u00e7\u00e3o por voc\u00ea (durante a vig\u00eancia deste Acordo) de qualquer uma de suas obriga\u00e7\u00f5es sob o presente Acordo.<\/p>\n\n\n\n<p><strong><u>Atualiza\u00e7\u00f5es do Nosso Site<\/u><\/strong><\/p>\n\n\n\n<p>A Vl-consultoria pode, de tempos em tempos, fornecer aprimoramentos ou melhorias nos recursos\/funcionalidades do site, que podem incluir patches, corre\u00e7\u00f5es de bugs, atualiza\u00e7\u00f5es, upgrades e outras modifica\u00e7\u00f5es (\u201cAtualiza\u00e7\u00f5es\u201d).<\/p>\n\n\n\n<p>As atualiza\u00e7\u00f5es podem modificar ou excluir determinados recursos e\/ou funcionalidades do site. Voc\u00ea concorda que a Vl-consultoria n\u00e3o tem obriga\u00e7\u00e3o de (i) fornecer quaisquer Atualiza\u00e7\u00f5es, ou (ii) continuar a fornecer ou habilitar quaisquer recursos e\/ou funcionalidades particulares do site para voc\u00ea.<\/p>\n\n\n\n<p>Voc\u00ea tamb\u00e9m concorda que todas as Atualiza\u00e7\u00f5es ser\u00e3o (i) consideradas parte integrante do site e (ii) sujeitas aos termos e condi\u00e7\u00f5es deste Acordo.<\/p>\n\n\n\n<p><strong><u>Notifica\u00e7\u00e3o de Disputa<\/u><\/strong><\/p>\n\n\n\n<p>In the event of a dispute, you or Vl-consultoria must give the other a Notice of Dispute, which is a written statement that sets forth the name, address, and contact information of the party giving it, the facts giving rise to the dispute, and the relief requested. You must send any Notice of Dispute via email to:&nbsp;https:\/\/vl-consultoria.com\/index.php\/contact-us\/. Vl-consultoria will send any Notice of Dispute to you by mail to your address if we have it, or otherwise to your email address. You and Vl-consultoria will attempt to resolve any dispute through informal negotiation within sixty (60) days from the date the Notice of Dispute is sent. After sixty (60) days, you or Vl-consultoria may commence arbitration.<\/p>\n\n\n\n<p><strong><u>Binding Arbitration<\/u><\/strong><\/p>\n\n\n\n<p>Em caso de disputa, voc\u00ea ou a Vl-consultoria devem entregar ao outro uma Notifica\u00e7\u00e3o de Disputa, que \u00e9 uma declara\u00e7\u00e3o por escrito que informa o nome, endere\u00e7o e informa\u00e7\u00f5es de contato da parte que a fornece, os fatos que deram origem \u00e0 disputa, e o pedido. Voc\u00ea deve enviar qualquer Notifica\u00e7\u00e3o de Disputa por e-mail para:\u00a0https:\/\/vl-consultoria.com\/index.php\/contact-us\/. A Vl-consultoria enviar\u00e1 qualquer Notifica\u00e7\u00e3o de Disputa a voc\u00ea por correio para o seu endere\u00e7o, se o tivermos, ou de outra forma para o seu endere\u00e7o de e-mail. Voc\u00ea e a Vl-consultoria tentar\u00e3o resolver qualquer disputa por meio de negocia\u00e7\u00e3o informal no prazo de 60 (sessenta) dias a partir da data do envio da Notifica\u00e7\u00e3o de Disputa. Ap\u00f3s sessenta (60) dias, voc\u00ea ou a Vl-consultoria podem iniciar a arbitragem.<\/p>\n\n\n\n<p><strong><u>Processo Arbitral<\/u><\/strong><\/p>\n\n\n\n<p>Se voc\u00ea e a Vl-consultoria n\u00e3o resolverem nenhuma disputa por meio de negocia\u00e7\u00e3o informal, qualquer outro esfor\u00e7o para resolver a disputa ser\u00e1 realizado exclusivamente por arbitragem vinculativa, conforme descrito nesta se\u00e7\u00e3o. Voc\u00ea est\u00e1 abrindo m\u00e3o do direito de litigar (ou participar como parte ou membro da classe) de todas as disputas no tribunal perante um juiz ou j\u00fari. O lit\u00edgio ser\u00e1 resolvido por arbitragem vinculativa de acordo com as regras de arbitragem comercial do Centro de Arbitragem da C\u00e2mara de Com\u00e9rcio e Ind\u00fastria Portuguesa. Qualquer uma das partes pode buscar qualquer medida cautelar provis\u00f3ria ou preliminar de qualquer tribunal de jurisdi\u00e7\u00e3o competente, conforme necess\u00e1rio para proteger os direitos ou propriedade da parte at\u00e9 a conclus\u00e3o da arbitragem. Todos e quaisquer custos, taxas e despesas legais, cont\u00e1beis e outros incorridos pela parte vencedora ser\u00e3o arcados pela parte n\u00e3o vencedora.<\/p>\n\n\n\n<p><strong><u>Contate-Nos<\/u><\/strong><\/p>\n\n\n\n<p>Se voc\u00ea tiver d\u00favidas adicionais ou precisar de mais informa\u00e7\u00f5es sobre nossa Pol\u00edtica de Privacidade, n\u00e3o hesite em nos contatar.<\/p>\n\n\n\n<p>\u00a0- Atrav\u00e9s do e-mail:\u00a0 <a href=\"mailto:info@vl-consultoria.com\">info@vl-consultoria.com<\/a><\/p>\n\n\n\n<p>- Telefone: <a href=\"tel: 351 920070541\">+351 920070541<\/a><\/p>\n\n\n\n<p>&nbsp;- Atrav\u00e9s deste link:\u00a0&nbsp; <a href=\"https:\/\/vl-consultoria.com\/index.php\/contact-us\/\">https:\/\/vl-consultoria.com\/index.php\/contact-us\/<\/a><\/p>","protected":false},"excerpt":{"rendered":"<p>Welcome to Vl-consultoria! These terms and conditions outline the rules and regulations for the use of VANTAGEM LOUV\u00c1VEL &#8211; UNIPERSSOAL LDA&#8217;s Website, located at https:\/\/vl-consultoria.com\/. By accessing this website, we assume you accept these terms and conditions. [&hellip;]<\/p>","protected":false},"author":1,"featured_media":0,"parent":0,"menu_order":0,"comment_status":"closed","ping_status":"closed","template":"","meta":{"footnotes":""},"yoast_head":"<!-- This site is optimized with the Yoast SEO plugin v17.7.1 - https:\/\/yoast.com\/wordpress\/plugins\/seo\/ -->\n<title>Terms and Conditions - Consultoria<\/title>\n<meta name=\"robots\" content=\"index, follow, max-snippet:-1, max-image-preview:large, max-video-preview:-1\" \/>\n<link rel=\"canonical\" href=\"https:\/\/vl-consultoria.com\/pt\/terms-and-conditions\/\" \/>\n<meta property=\"og:locale\" content=\"pt_PT\" \/>\n<meta property=\"og:type\" content=\"article\" \/>\n<meta property=\"og:title\" content=\"Terms and Conditions - Consultoria\" \/>\n<meta property=\"og:description\" content=\"Welcome to Vl-consultoria! These terms and conditions outline the rules and regulations for the use of VANTAGEM LOUV\u00c1VEL &#8211; UNIPERSSOAL LDA&#8217;s Website, located at https:\/\/vl-consultoria.com\/. By accessing this website, we assume you accept these terms and conditions. [&hellip;]\" \/>\n<meta property=\"og:url\" content=\"https:\/\/vl-consultoria.com\/pt\/terms-and-conditions\/\" \/>\n<meta property=\"og:site_name\" content=\"Consultoria\" \/>\n<meta property=\"article:modified_time\" content=\"2021-11-12T09:28:26+00:00\" \/>\n<meta name=\"twitter:card\" content=\"summary_large_image\" \/>\n<meta name=\"twitter:label1\" content=\"Tempo estimado de leitura\" \/>\n\t<meta name=\"twitter:data1\" content=\"7 minutos\" \/>\n<script type=\"application\/ld+json\" class=\"yoast-schema-graph\">{\"@context\":\"https:\/\/schema.org\",\"@graph\":[{\"@type\":\"WebSite\",\"@id\":\"https:\/\/vl-consultoria.com\/de\/#website\",\"url\":\"https:\/\/vl-consultoria.com\/de\/\",\"name\":\"Consultoria\",\"description\":\"\",\"potentialAction\":[{\"@type\":\"SearchAction\",\"target\":{\"@type\":\"EntryPoint\",\"urlTemplate\":\"https:\/\/vl-consultoria.com\/de\/?s={search_term_string}\"},\"query-input\":\"required name=search_term_string\"}],\"inLanguage\":\"pt-PT\"},{\"@type\":\"WebPage\",\"@id\":\"https:\/\/vl-consultoria.com\/it\/terms-and-conditions\/#webpage\",\"url\":\"https:\/\/vl-consultoria.com\/it\/terms-and-conditions\/\",\"name\":\"Terms and Conditions - Consultoria\",\"isPartOf\":{\"@id\":\"https:\/\/vl-consultoria.com\/de\/#website\"},\"datePublished\":\"2021-10-13T09:40:49+00:00\",\"dateModified\":\"2021-11-12T09:28:26+00:00\",\"breadcrumb\":{\"@id\":\"https:\/\/vl-consultoria.com\/it\/terms-and-conditions\/#breadcrumb\"},\"inLanguage\":\"pt-PT\",\"potentialAction\":[{\"@type\":\"ReadAction\",\"target\":[\"https:\/\/vl-consultoria.com\/it\/terms-and-conditions\/\"]}]},{\"@type\":\"BreadcrumbList\",\"@id\":\"https:\/\/vl-consultoria.com\/it\/terms-and-conditions\/#breadcrumb\",\"itemListElement\":[{\"@type\":\"ListItem\",\"position\":1,\"name\":\"Home\",\"item\":\"https:\/\/vl-consultoria.com\/\"},{\"@type\":\"ListItem\",\"position\":2,\"name\":\"Terms and Conditions\"}]}]}<\/script>\n<!-- \/ Yoast SEO plugin. -->","yoast_head_json":{"title":"Terms and Conditions - Consultoria","robots":{"index":"index","follow":"follow","max-snippet":"max-snippet:-1","max-image-preview":"max-image-preview:large","max-video-preview":"max-video-preview:-1"},"canonical":"https:\/\/vl-consultoria.com\/pt\/terms-and-conditions\/","og_locale":"pt_PT","og_type":"article","og_title":"Terms and Conditions - Consultoria","og_description":"Welcome to Vl-consultoria! These terms and conditions outline the rules and regulations for the use of VANTAGEM LOUV\u00c1VEL &#8211; UNIPERSSOAL LDA&#8217;s Website, located at https:\/\/vl-consultoria.com\/. By accessing this website, we assume you accept these terms and conditions. [&hellip;]","og_url":"https:\/\/vl-consultoria.com\/pt\/terms-and-conditions\/","og_site_name":"Consultoria","article_modified_time":"2021-11-12T09:28:26+00:00","twitter_card":"summary_large_image","twitter_misc":{"Tempo estimado de leitura":"7 minutos"},"schema":{"@context":"https:\/\/schema.org","@graph":[{"@type":"WebSite","@id":"https:\/\/vl-consultoria.com\/de\/#website","url":"https:\/\/vl-consultoria.com\/de\/","name":"Consultoria","description":"","potentialAction":[{"@type":"SearchAction","target":{"@type":"EntryPoint","urlTemplate":"https:\/\/vl-consultoria.com\/de\/?s={search_term_string}"},"query-input":"required name=search_term_string"}],"inLanguage":"pt-PT"},{"@type":"WebPage","@id":"https:\/\/vl-consultoria.com\/it\/terms-and-conditions\/#webpage","url":"https:\/\/vl-consultoria.com\/it\/terms-and-conditions\/","name":"Terms and Conditions - Consultoria","isPartOf":{"@id":"https:\/\/vl-consultoria.com\/de\/#website"},"datePublished":"2021-10-13T09:40:49+00:00","dateModified":"2021-11-12T09:28:26+00:00","breadcrumb":{"@id":"https:\/\/vl-consultoria.com\/it\/terms-and-conditions\/#breadcrumb"},"inLanguage":"pt-PT","potentialAction":[{"@type":"ReadAction","target":["https:\/\/vl-consultoria.com\/it\/terms-and-conditions\/"]}]},{"@type":"BreadcrumbList","@id":"https:\/\/vl-consultoria.com\/it\/terms-and-conditions\/#breadcrumb","itemListElement":[{"@type":"ListItem","position":1,"name":"Home","item":"https:\/\/vl-consultoria.com\/"},{"@type":"ListItem","position":2,"name":"Terms and Conditions"}]}]}},"_links":{"self":[{"href":"https:\/\/vl-consultoria.com\/pt\/wp-json\/wp\/v2\/pages\/4185"}],"collection":[{"href":"https:\/\/vl-consultoria.com\/pt\/wp-json\/wp\/v2\/pages"}],"about":[{"href":"https:\/\/vl-consultoria.com\/pt\/wp-json\/wp\/v2\/types\/page"}],"author":[{"embeddable":true,"href":"https:\/\/vl-consultoria.com\/pt\/wp-json\/wp\/v2\/users\/1"}],"replies":[{"embeddable":true,"href":"https:\/\/vl-consultoria.com\/pt\/wp-json\/wp\/v2\/comments?post=4185"}],"version-history":[{"count":7,"href":"https:\/\/vl-consultoria.com\/pt\/wp-json\/wp\/v2\/pages\/4185\/revisions"}],"predecessor-version":[{"id":4694,"href":"https:\/\/vl-consultoria.com\/pt\/wp-json\/wp\/v2\/pages\/4185\/revisions\/4694"}],"wp:attachment":[{"href":"https:\/\/vl-consultoria.com\/pt\/wp-json\/wp\/v2\/media?parent=4185"}],"curies":[{"name":"wp","href":"https:\/\/api.w.org\/{rel}","templated":true}]}}