{"id":4162,"date":"2021-10-13T09:31:01","date_gmt":"2021-10-13T09:31:01","guid":{"rendered":"https:\/\/vl-consultoria.com\/?page_id=4162"},"modified":"2021-11-12T09:29:14","modified_gmt":"2021-11-12T09:29:14","slug":"cookie-policy","status":"publish","type":"page","link":"https:\/\/vl-consultoria.com\/pt\/cookie-policy\/","title":{"rendered":"Pol\u00edtica de Cookies"},"content":{"rendered":"<p>Esta Pol\u00edtica de Cookies explica como a VANTAGEM LOUV\u00c1VEL \u2013 UNIPERSSOAL LDA utiliza cookies e tecnologias semelhantes. Sempre que voc\u00ea usar os sites, produtos, servi\u00e7os de publicidade ou outras tecnologias (\u201cServi\u00e7os\u201d) da Vl-consultoria, ou visitar um site, aplicativo ou servi\u00e7o que utilize nossos Servi\u00e7os, as informa\u00e7\u00f5es podem ser coletadas atrav\u00e9s do uso de cookies e tecnologias similares. A Vl-consultoria est\u00e1 empenhada em proteger as informa\u00e7\u00f5es pessoais recolhidas quando voc\u00ea utiliza os nossos Servi\u00e7os.<\/p>\n\n\n\n<p>&nbsp; -Cookie:\u00a0pequena quantidade de dados gerados por um site e salvos pelo seu navegador. Ele \u00e9 usado para identificar seu navegador, fornecer an\u00e1lises e lembrar informa\u00e7\u00f5es sobre voc\u00ea, como sua prefer\u00eancia de idioma ou informa\u00e7\u00f5es de login.<\/p>\n\n\n\n<p>&nbsp; -Empresa: quando esta pol\u00edtica menciona \u201cEmpresa\u201d, \u201cn\u00f3s\u201d, \u201cnos\u201d ou \u201cnosso\u201d, refere-se \u00e0 VANTAGEM LOUV\u00c1VEL \u2013 UNIPERSSOAL LDA (Rua da Alf\u00e2ndega 10, Funchal, 9000-059, Ilha da Madeira, Portugal), que \u00e9 respons\u00e1vel por suas informa\u00e7\u00f5es sob esta Pol\u00edtica de Cookies.<\/p>\n\n\n\n<p>&nbsp; -Dispositivo:\u00a0qualquer dispositivo conectado \u00e0 Internet, como celular, tablet, computador ou qualquer outro dispositivo que possa ser usado para visitar a Vl-consultoria e usar os servi\u00e7os.<\/p>\n\n\n\n<p>&nbsp; - Dados Pessoais: qualquer informa\u00e7\u00e3o que direta, indiretamente ou em conex\u00e3o com outras informa\u00e7\u00f5es \u2013 incluindo um n\u00famero de identifica\u00e7\u00e3o pessoal \u2013 permita a identifica\u00e7\u00e3o ou identificabilidade de uma pessoa f\u00edsica.<\/p>\n\n\n\n<p>&nbsp; -Servi\u00e7o: refere-se ao Servi\u00e7o prestado pela Vl-consultoria conforme descrito nos termos relativos (se dispon\u00edveis) e nesta plataforma.<\/p>\n\n\n\n<p>&nbsp; -Servi\u00e7o de terceiros:\u00a0refere-se a anunciantes, patrocinadores de concursos, parceiros promocionais e de marketing e outros que fornecem nosso conte\u00fado ou cujos produtos ou servi\u00e7os podem ser do seu interesse.<\/p>\n\n\n\n<p>&nbsp; -Site: Site da VANTAGEM LOUV\u00c1VEL \u2013 UNIPERSSOAL LDA, que pode ser acessado atrav\u00e9s deste URL:\u00a0 <a href=\"https:\/\/vl-consultoria.com\/pt\/\">https:\/\/vl-consultoria.com\/<\/a><\/p>\n\n\n\n<p>&nbsp; -Voc\u00ea: pessoa f\u00edsica ou jur\u00eddica que esteja cadastrada na VANTAGEM LOUV\u00c1VEL \u2013 UNIPERSSOAL LDA para utilizar os Servi\u00e7os.<\/p>\n\n\n\n<p>Esta Pol\u00edtica de Cookies fornece as seguintes informa\u00e7\u00f5es para os usu\u00e1rios:<\/p>\n\n\n\n<p><strong><u>O que s\u00e3o cookies e as tecnologias semelhantes?<\/u><\/strong><\/p>\n\n\n\n<p>Um cookie \u00e9 um pequeno arquivo de dados, muitas vezes incluindo um identificador \u00fanico, que \u00e9 enviado ao seu computador, celular ou tablet (referido nesta pol\u00edtica como um \u201cdispositivo\u201d) pelo servidor da web para que o site possa lembrar algumas informa\u00e7\u00f5es sobre sua atividade de navega\u00e7\u00e3o no site. O cookie coletar\u00e1 informa\u00e7\u00f5es relacionadas ao seu uso de nossos Servi\u00e7os, informa\u00e7\u00f5es sobre seu dispositivo, por exemplo, o endere\u00e7o IP do dispositivo e o tipo de navegador, localiza\u00e7\u00e3o ampla e, se voc\u00ea chegou ao nosso site por meio de um link de um site de terceiros, e o URL da p\u00e1gina do link. Se voc\u00ea se registrou em algum Servi\u00e7o ou \u00e9 um assinante, ele tamb\u00e9m pode coletar seu nome e endere\u00e7o de e-mail, que podem ser transferidos para processadores de dados para fins de verifica\u00e7\u00e3o de usu\u00e1rio registrado ou assinante.<\/p>\n\n\n\n<p>Tecnologias semelhantes conhecidas como \u201carmazenamento local\u201d tamb\u00e9m podem ser usadas em nossos Servi\u00e7os como alternativa aos cookies. Esta \u00e9 uma tecnologia semelhante aos cookies e executa fun\u00e7\u00f5es muito semelhantes, como armazenar dados em cache para nos permitir melhorar nossos Servi\u00e7os, permitir que voc\u00ea se registre em nossos Servi\u00e7os, rastrear atividades para permitir que n\u00f3s e nossos anunciantes anunciem para voc\u00ea de acordo com este pol\u00edtica e contando o n\u00famero de pessoas que visualizam an\u00fancios em nossos Servi\u00e7os. Quando nos referimos a \u201ccookies\u201d nesta pol\u00edtica, queremos dizer cookies ou tecnologias semelhantes.<\/p>\n\n\n\n<p>Os cookies registram informa\u00e7\u00f5es sobre suas prefer\u00eancias online e nos ajudam a adaptar nossos Servi\u00e7os aos seus interesses. As informa\u00e7\u00f5es fornecidas pelos cookies podem nos ajudar a analisar seu uso de nossos Servi\u00e7os e nos ajudar a fornecer uma melhor experi\u00eancia para o usu\u00e1rio.<\/p>\n\n\n\n<p>Al\u00e9m dos cookies, nossos Servi\u00e7os tamb\u00e9m podem usar web beacons, clear GIFs, tags de p\u00e1gina e web bugs. Esses s\u00e3o todos os tipos de tecnologia implementados por sites ou servidores de an\u00fancios de terceiros para permitir que eles analisem o uso do site e ajudem a melhorar sua experi\u00eancia nos Servi\u00e7os.<\/p>\n\n\n\n<p><strong><u>Quais s\u00e3o os diferentes tipos de cookies?<\/u><\/strong><\/p>\n\n\n\n<ul><li>Os cookies de sess\u00e3o s\u00e3o armazenados apenas durante sua visita a um site e s\u00e3o exclu\u00eddos do seu dispositivo quando voc\u00ea fecha o navegador;<\/li><li>Os cookies persistentes s\u00e3o salvos no seu dispositivo por um determinado per\u00edodo de tempo ap\u00f3s o fechamento do navegador e s\u00e3o usados \u200b\u200bquando n\u00f3s (ou terceiros) precisamos identific\u00e1-lo para uma sess\u00e3o de navega\u00e7\u00e3o posterior.<\/li><\/ul>\n\n\n\n<p>Usamos os seguintes tipos de cookies em nosso site: Cookies Essenciais, Cookies de Desempenho e Funcionalidade, Cookies de An\u00e1lise e Personaliza\u00e7\u00e3o e Cookies de Terceiros.<\/p>\n\n\n\n<p><strong><u>Para que servem os cookies?<\/u><\/strong><\/p>\n\n\n\n<p><strong>1. Cookies Essenciais<\/strong><\/p>\n\n\n\n<p>Usamos cookies essenciais para que nosso site funcione. Esses cookies s\u00e3o estritamente necess\u00e1rios para habilitar funcionalidades essenciais, como seguran\u00e7a, gerenciamento de rede, suas prefer\u00eancias de cookies e acessibilidade. Sem eles, voc\u00ea n\u00e3o seria capaz de usar os servi\u00e7os b\u00e1sicos. Voc\u00ea pode desativ\u00e1-los alterando as configura\u00e7\u00f5es do seu navegador, mas isso pode afetar o funcionamento dos Sites.<\/p>\n\n\n\n<p><strong>2.<\/strong> <strong>Cookies Funcionais<\/strong><\/p>\n\n\n\n<p>Os cookies funcionais s\u00e3o essenciais para o funcionamento dos nossos Servi\u00e7os. Eles s\u00e3o usados \u200b\u200bpara lembrar suas prefer\u00eancias em nossos sites e para fornecer recursos aprimorados e mais pessoais. As informa\u00e7\u00f5es coletadas por esses cookies geralmente s\u00e3o an\u00f4nimas, portanto, n\u00e3o podemos identific\u00e1-lo pessoalmente. Os cookies funcionais n\u00e3o rastreiam seu uso da Internet nem coletam informa\u00e7\u00f5es que podem ser usadas para vender publicidade, mas ajudam na veicula\u00e7\u00e3o de publicidade. Esses cookies s\u00e3o geralmente cookies de sess\u00e3o que expiram quando voc\u00ea fecha sua sess\u00e3o de navega\u00e7\u00e3o.<\/p>\n\n\n\n<p><strong>3. Cookies de Desempenho Anal\u00edtico e Medi\u00e7\u00e3o<\/strong><\/p>\n\n\n\n<p>Os cookies de desempenho anal\u00edtico s\u00e3o usados \u200b\u200bpara monitorar o desempenho de nossos Servi\u00e7os, por exemplo, para determinar o n\u00famero de visualiza\u00e7\u00f5es de p\u00e1gina e o n\u00famero de usu\u00e1rios \u00fanicos que um site possui. Os servi\u00e7os de an\u00e1lise da Web podem ser projetados e operados por terceiros. As informa\u00e7\u00f5es fornecidas por esses cookies nos permitem analisar padr\u00f5es de comportamento do usu\u00e1rio e usamos essas informa\u00e7\u00f5es para aprimorar a experi\u00eancia do usu\u00e1rio ou identificar \u00e1reas do site que podem exigir manuten\u00e7\u00e3o. As informa\u00e7\u00f5es s\u00e3o an\u00f4nimas (ou seja, n\u00e3o podem ser usadas para identific\u00e1-lo e n\u00e3o cont\u00eam informa\u00e7\u00f5es pessoais, como seu nome e endere\u00e7o de e-mail) e s\u00e3o usadas apenas para fins estat\u00edsticos.<\/p>\n\n\n\n<p><strong>4. Cookies de Terceiros<\/strong><\/p>\n\n\n\n<p>Alguns cookies que foram configurados em nosso site n\u00e3o s\u00e3o configurados de forma prim\u00e1ria pela Vl-consultoria. Os Sites podem ser incorporados com conte\u00fado de terceiros para veicular publicidade. Esses provedores de servi\u00e7os terceirizados podem definir seus pr\u00f3prios cookies em seu navegador da web. Os provedores de servi\u00e7os terceirizados controlam muitos dos cookies de desempenho e funcionalidade, publicidade, marketing e an\u00e1lise descritos acima. N\u00e3o controlamos o uso desses cookies de terceiros, pois os cookies s\u00f3 podem ser acessados \u200b\u200bpelo terceiro que os configurou originalmente.<\/p>\n\n\n\n<p><strong><u>Como os usu\u00e1rios podem gerenciar cookies?<\/u><\/strong><\/p>\n\n\n\n<p>Algumas pessoas acham a ideia de um site armazenar informa\u00e7\u00f5es em seu dispositivo um pouco intrusiva, principalmente quando as informa\u00e7\u00f5es s\u00e3o armazenadas e usadas por terceiros. Por exemplo, voc\u00ea pode se opor a receber publicidade direcionada aos seus interesses com base em seu hist\u00f3rico de navega\u00e7\u00e3o.<\/p>\n\n\n\n<p>Os cookies, incluindo aqueles que j\u00e1 foram configurados, podem ser exclu\u00eddos do seu disco r\u00edgido. Por favor, veja abaixo para mais informa\u00e7\u00f5es.<\/p>\n\n\n\n<p>&nbsp; -Google Chrome<\/p>\n\n\n\n<p>&nbsp; -Internet Explorer<\/p>\n\n\n\n<p>&nbsp; -Mozilla Firefox<\/p>\n\n\n\n<p>&nbsp; -Safari (Desktop)<\/p>\n\n\n\n<p>&nbsp; -Safari (Mobile)<\/p>\n\n\n\n<p>&nbsp; -Android Browser<\/p>\n\n\n\n<p>&nbsp; -Opera<\/p>\n\n\n\n<p>&nbsp; -Opera Mobile<\/p>\n\n\n\n<p><strong><u>Altera\u00e7\u00f5es \u00e0 Nossa Pol\u00edtica de Cookies<\/u><\/strong><\/p>\n\n\n\n<p><a><\/a>Podemos alterar nosso Servi\u00e7o e nossas pol\u00edticas, e podemos precisar fazer altera\u00e7\u00f5es nesta Pol\u00edtica de Cookies para que elas reflitam com precis\u00e3o nosso Servi\u00e7o e nossas pol\u00edticas. A menos que exigido por lei, iremos notific\u00e1-lo (por exemplo, atrav\u00e9s do nosso Servi\u00e7o) antes de fazermos altera\u00e7\u00f5es a esta Pol\u00edtica de Cookies e dar-lhe a oportunidade de revis\u00e1-los antes de entrarem em vigor. Ent\u00e3o, se voc\u00ea continuar a usar o Servi\u00e7o, ficar\u00e1 vinculado \u00e0 Pol\u00edtica de Cookies atualizada. Se voc\u00ea n\u00e3o quiser concordar com esta ou qualquer Pol\u00edtica de Cookies atualizada, voc\u00ea pode excluir sua conta.<\/p>\n\n\n\n<p><strong><u>Contate-Nos:<\/u><\/strong><\/p>\n\n\n\n<p>Se voc\u00ea tiver d\u00favidas adicionais ou precisar de mais informa\u00e7\u00f5es sobre nossa Pol\u00edtica de Privacidade, n\u00e3o hesite em nos contatar.<\/p>\n\n\n\n<p>\u00a0- Atrav\u00e9s do e-mail:\u00a0\u00a0<a href=\"mailto:info@vl-consultoria.com\">info@vl-consultoria.com<\/a><\/p>\n\n\n\n<p> - Telefone: <a href=\"tel: 351 920070541\">+351 920070541<\/a> <\/p>\n\n\n\n<p>&nbsp;- Atrav\u00e9s deste link:\u00a0&nbsp; <a href=\"https:\/\/vl-consultoria.com\/index.php\/contact-us\/\">https:\/\/vl-consultoria.com\/index.php\/contact-us\/<\/a><\/p>","protected":false},"excerpt":{"rendered":"<p>This Cookies Policy explains how VANTAGEM LOUV\u00c1VEL &#8211; UNIPERSSOAL LDA uses cookies and similar technologies. Whenever you use Vl-consultoria\u2019s websites, products, advertising services or other technologies (\u201cServices\u201d), or visit a website, app or service which uses our [&hellip;]<\/p>","protected":false},"author":1,"featured_media":0,"parent":0,"menu_order":0,"comment_status":"closed","ping_status":"closed","template":"","meta":{"footnotes":""},"yoast_head":"<!-- This site is optimized with the Yoast SEO plugin v17.7.1 - https:\/\/yoast.com\/wordpress\/plugins\/seo\/ -->\n<title>Cookie Policy - Consultoria<\/title>\n<meta name=\"robots\" content=\"index, follow, max-snippet:-1, max-image-preview:large, max-video-preview:-1\" \/>\n<link rel=\"canonical\" href=\"https:\/\/vl-consultoria.com\/pt\/cookie-policy\/\" \/>\n<meta property=\"og:locale\" content=\"pt_PT\" \/>\n<meta property=\"og:type\" content=\"article\" \/>\n<meta property=\"og:title\" content=\"Cookie Policy - Consultoria\" \/>\n<meta property=\"og:description\" content=\"This Cookies Policy explains how VANTAGEM LOUV\u00c1VEL &#8211; UNIPERSSOAL LDA uses cookies and similar technologies. Whenever you use Vl-consultoria\u2019s websites, products, advertising services or other technologies (\u201cServices\u201d), or visit a website, app or service which uses our [&hellip;]\" \/>\n<meta property=\"og:url\" content=\"https:\/\/vl-consultoria.com\/pt\/cookie-policy\/\" \/>\n<meta property=\"og:site_name\" content=\"Consultoria\" \/>\n<meta property=\"article:modified_time\" content=\"2021-11-12T09:29:14+00:00\" \/>\n<meta name=\"twitter:card\" content=\"summary_large_image\" \/>\n<meta name=\"twitter:label1\" content=\"Tempo estimado de leitura\" \/>\n\t<meta name=\"twitter:data1\" content=\"6 minutos\" \/>\n<script type=\"application\/ld+json\" class=\"yoast-schema-graph\">{\"@context\":\"https:\/\/schema.org\",\"@graph\":[{\"@type\":\"WebSite\",\"@id\":\"https:\/\/vl-consultoria.com\/de\/#website\",\"url\":\"https:\/\/vl-consultoria.com\/de\/\",\"name\":\"Consultoria\",\"description\":\"\",\"potentialAction\":[{\"@type\":\"SearchAction\",\"target\":{\"@type\":\"EntryPoint\",\"urlTemplate\":\"https:\/\/vl-consultoria.com\/de\/?s={search_term_string}\"},\"query-input\":\"required name=search_term_string\"}],\"inLanguage\":\"pt-PT\"},{\"@type\":\"WebPage\",\"@id\":\"https:\/\/vl-consultoria.com\/pt\/cookie-policy\/#webpage\",\"url\":\"https:\/\/vl-consultoria.com\/pt\/cookie-policy\/\",\"name\":\"Cookie Policy - Consultoria\",\"isPartOf\":{\"@id\":\"https:\/\/vl-consultoria.com\/de\/#website\"},\"datePublished\":\"2021-10-13T09:31:01+00:00\",\"dateModified\":\"2021-11-12T09:29:14+00:00\",\"breadcrumb\":{\"@id\":\"https:\/\/vl-consultoria.com\/pt\/cookie-policy\/#breadcrumb\"},\"inLanguage\":\"pt-PT\",\"potentialAction\":[{\"@type\":\"ReadAction\",\"target\":[\"https:\/\/vl-consultoria.com\/pt\/cookie-policy\/\"]}]},{\"@type\":\"BreadcrumbList\",\"@id\":\"https:\/\/vl-consultoria.com\/pt\/cookie-policy\/#breadcrumb\",\"itemListElement\":[{\"@type\":\"ListItem\",\"position\":1,\"name\":\"Home\",\"item\":\"https:\/\/vl-consultoria.com\/\"},{\"@type\":\"ListItem\",\"position\":2,\"name\":\"Cookie Policy\"}]}]}<\/script>\n<!-- \/ Yoast SEO plugin. -->","yoast_head_json":{"title":"Cookie Policy - Consultoria","robots":{"index":"index","follow":"follow","max-snippet":"max-snippet:-1","max-image-preview":"max-image-preview:large","max-video-preview":"max-video-preview:-1"},"canonical":"https:\/\/vl-consultoria.com\/pt\/cookie-policy\/","og_locale":"pt_PT","og_type":"article","og_title":"Cookie Policy - Consultoria","og_description":"This Cookies Policy explains how VANTAGEM LOUV\u00c1VEL &#8211; UNIPERSSOAL LDA uses cookies and similar technologies. Whenever you use Vl-consultoria\u2019s websites, products, advertising services or other technologies (\u201cServices\u201d), or visit a website, app or service which uses our [&hellip;]","og_url":"https:\/\/vl-consultoria.com\/pt\/cookie-policy\/","og_site_name":"Consultoria","article_modified_time":"2021-11-12T09:29:14+00:00","twitter_card":"summary_large_image","twitter_misc":{"Tempo estimado de leitura":"6 minutos"},"schema":{"@context":"https:\/\/schema.org","@graph":[{"@type":"WebSite","@id":"https:\/\/vl-consultoria.com\/de\/#website","url":"https:\/\/vl-consultoria.com\/de\/","name":"Consultoria","description":"","potentialAction":[{"@type":"SearchAction","target":{"@type":"EntryPoint","urlTemplate":"https:\/\/vl-consultoria.com\/de\/?s={search_term_string}"},"query-input":"required name=search_term_string"}],"inLanguage":"pt-PT"},{"@type":"WebPage","@id":"https:\/\/vl-consultoria.com\/pt\/cookie-policy\/#webpage","url":"https:\/\/vl-consultoria.com\/pt\/cookie-policy\/","name":"Cookie Policy - Consultoria","isPartOf":{"@id":"https:\/\/vl-consultoria.com\/de\/#website"},"datePublished":"2021-10-13T09:31:01+00:00","dateModified":"2021-11-12T09:29:14+00:00","breadcrumb":{"@id":"https:\/\/vl-consultoria.com\/pt\/cookie-policy\/#breadcrumb"},"inLanguage":"pt-PT","potentialAction":[{"@type":"ReadAction","target":["https:\/\/vl-consultoria.com\/pt\/cookie-policy\/"]}]},{"@type":"BreadcrumbList","@id":"https:\/\/vl-consultoria.com\/pt\/cookie-policy\/#breadcrumb","itemListElement":[{"@type":"ListItem","position":1,"name":"Home","item":"https:\/\/vl-consultoria.com\/"},{"@type":"ListItem","position":2,"name":"Cookie Policy"}]}]}},"_links":{"self":[{"href":"https:\/\/vl-consultoria.com\/pt\/wp-json\/wp\/v2\/pages\/4162"}],"collection":[{"href":"https:\/\/vl-consultoria.com\/pt\/wp-json\/wp\/v2\/pages"}],"about":[{"href":"https:\/\/vl-consultoria.com\/pt\/wp-json\/wp\/v2\/types\/page"}],"author":[{"embeddable":true,"href":"https:\/\/vl-consultoria.com\/pt\/wp-json\/wp\/v2\/users\/1"}],"replies":[{"embeddable":true,"href":"https:\/\/vl-consultoria.com\/pt\/wp-json\/wp\/v2\/comments?post=4162"}],"version-history":[{"count":8,"href":"https:\/\/vl-consultoria.com\/pt\/wp-json\/wp\/v2\/pages\/4162\/revisions"}],"predecessor-version":[{"id":4695,"href":"https:\/\/vl-consultoria.com\/pt\/wp-json\/wp\/v2\/pages\/4162\/revisions\/4695"}],"wp:attachment":[{"href":"https:\/\/vl-consultoria.com\/pt\/wp-json\/wp\/v2\/media?parent=4162"}],"curies":[{"name":"wp","href":"https:\/\/api.w.org\/{rel}","templated":true}]}}