{"id":3,"date":"2021-10-04T13:21:15","date_gmt":"2021-10-04T13:21:15","guid":{"rendered":"http:\/\/vl-consultoria.com\/?page_id=3"},"modified":"2021-11-12T09:29:40","modified_gmt":"2021-11-12T09:29:40","slug":"privacy-policy","status":"publish","type":"page","link":"https:\/\/vl-consultoria.com\/pt\/privacy-policy\/","title":{"rendered":"Pol\u00edtica de Privacidade"},"content":{"rendered":"<p>Na Vl-consultoria, acess\u00edvel em\u00a0 <a href=\"https:\/\/www.Vl-consultoria.com\/\">https:\/\/www.Vl-consultoria.com\/<\/a>, uma de nossas principais prioridades \u00e9 a privacidade de nossos visitantes. Este documento de Pol\u00edtica de Privacidade cont\u00e9m tipos de informa\u00e7\u00f5es que s\u00e3o coletadas e registradas pela Vl-consultoria e como as usamos.<\/p>\n\n\n\n<p>Esta Pol\u00edtica de Privacidade aplica-se apenas \u00e0s nossas atividades online e \u00e9 v\u00e1lida para os visitantes do nosso site no que diz respeito \u00e0s informa\u00e7\u00f5es que partilharam e\/ou recolheram na Vl-consultoria. Esta pol\u00edtica n\u00e3o se aplica a nenhuma informa\u00e7\u00e3o coletada offline ou por outros canais que n\u00e3o este site.<\/p>\n\n\n\n<p><strong><u>Consentimento<\/u><\/strong><\/p>\n\n\n\n<p>Ao usar nosso site, voc\u00ea concorda com nossa Pol\u00edtica de Privacidade e concorda com seus termos.<\/p>\n\n\n\n<p><strong><u>Defini\u00e7\u00f5es e termos-chave<\/u><\/strong><\/p>\n\n\n\n<p>Para ajudar a explicar as coisas da forma mais clara poss\u00edvel nesta Pol\u00edtica de Privacidade, toda vez que qualquer um desses termos for mencionado, eles s\u00e3o estritamente definidos como:<\/p>\n\n\n\n<p>&nbsp; -Empresa: quando esta pol\u00edtica menciona \u201cEmpresa\u201d, \u201cn\u00f3s\u201d, \u201cnos\u201d ou \u201cnosso\u201d, refere-se \u00e0 VANTAGEM LOUV\u00c1VEL \u2013 UNIPERSSOAL LDA (Rua da Alf\u00e2ndega 10, Funchal, 9000-059, Ilha da Madeira, Portugal), que \u00e9 respons\u00e1vel por suas informa\u00e7\u00f5es sob esta Pol\u00edtica de Privacidde<\/p>\n\n\n\n<p>&nbsp; -Pa\u00eds: onde a Vl-consultoria ou os propriet\u00e1rios\/fundadores da Vl-consultoria est\u00e3o sediados, neste caso \u00e9 Portugal<\/p>\n\n\n\n<p>&nbsp; - Cliente:\u00a0refere-se \u00e0 empresa, organiza\u00e7\u00e3o ou pessoa que se inscreve para usar o Servi\u00e7o da Vl-consultoria para gerenciar o relacionamento com seus consumidores ou usu\u00e1rios do servi\u00e7o.<\/p>\n\n\n\n<p>&nbsp; -Dispositivo:\u00a0qualquer dispositivo conectado \u00e0 Internet, como celular, tablet, computador ou qualquer outro dispositivo que possa ser usado para visitar a Vl-consultoria e usar os servi\u00e7os.<\/p>\n\n\n\n<p>&nbsp; -Endere\u00e7o de IP: Cada dispositivo conectado \u00e0 Internet recebe um n\u00famero conhecido como endere\u00e7o de protocolo de Internet (IP). Esses n\u00fameros geralmente s\u00e3o atribu\u00eddos em blocos geogr\u00e1ficos. Muitas vezes, um endere\u00e7o de IP pode ser usado para identificar o local de onde um dispositivo est\u00e1 se conectando \u00e0 Internet.<\/p>\n\n\n\n<p>&nbsp; -Equipe:\u00a0refere-se aos indiv\u00edduos empregados pela Vl-consultoria ou contratados para realizar um servi\u00e7o em nome de uma das partes.<\/p>\n\n\n\n<p>&nbsp; - Dados Pessoais: qualquer informa\u00e7\u00e3o que direta, indiretamente ou em conex\u00e3o com outras informa\u00e7\u00f5es \u2013 incluindo um n\u00famero de identifica\u00e7\u00e3o pessoal \u2013 permita a identifica\u00e7\u00e3o ou identificabilidade de uma pessoa f\u00edsica.<\/p>\n\n\n\n<p>&nbsp; -Servi\u00e7o: refere-se ao Servi\u00e7o prestado pela Vl-consultoria conforme descrito nos termos relativos (se dispon\u00edveis) e nesta plataforma.<\/p>\n\n\n\n<p>&nbsp; -Servi\u00e7o de terceiros:\u00a0refere-se a anunciantes, patrocinadores de concursos, parceiros promocionais e de marketing e outros que fornecem nosso conte\u00fado ou cujos produtos ou servi\u00e7os podem ser do seu interesse.<\/p>\n\n\n\n<p>&nbsp; -Site: Site da VANTAGEM LOUV\u00c1VEL \u2013 UNIPERSSOAL LDA, que pode ser acessado atrav\u00e9s deste URL: <a href=\"https:\/\/vl-consultoria.com\/pt\/\">https:\/\/vl-consultoria.com\/<\/a><\/p>\n\n\n\n<p>&nbsp; -Voc\u00ea: uma pessoa ou entidade que est\u00e1 cadastrada na Vl-consultoria para usar os Servi\u00e7os.<\/p>\n\n\n\n<p><strong><u>Informa\u00e7\u00f5es que coletamos<\/u><\/strong><\/p>\n\n\n\n<p>As informa\u00e7\u00f5es pessoais solicitadas a voc\u00ea e os motivos pelos quais voc\u00ea \u00e9 solicitado a fornec\u00ea-las ser\u00e3o esclarecidos no momento em que solicitarmos que voc\u00ea forne\u00e7a suas informa\u00e7\u00f5es pessoais.<\/p>\n\n\n\n<p>Se voc\u00ea entrar em contato conosco diretamente, poderemos receber informa\u00e7\u00f5es adicionais sobre voc\u00ea, como seu nome, endere\u00e7o de e-mail, n\u00famero de telefone, o conte\u00fado da mensagem e\/ou anexos que voc\u00ea nos enviar e qualquer outra informa\u00e7\u00e3o que voc\u00ea decida fornecer.<\/p>\n\n\n\n<p>Quando voc\u00ea se registra em uma conta, podemos solicitar suas informa\u00e7\u00f5es de contato, incluindo itens como nome, nome da empresa, endere\u00e7o, endere\u00e7o de e-mail e n\u00famero de telefone.<\/p>\n\n\n\n<p><strong><u>Como usamos suas informa\u00e7\u00f5es<\/u><\/strong><\/p>\n\n\n\n<p>Usamos as informa\u00e7\u00f5es que coletamos de v\u00e1rias maneiras, incluindo:<\/p>\n\n\n\n<ul><li>Fornecer, operar e manter nosso site<\/li><li>Melhorar, personalizar e expandir nosso site<\/li><li>Entender e analisar como voc\u00ea usa nosso site<\/li><li>Desenvolver novos produtos, servi\u00e7os, recursos e funcionalidades<\/li><li>Comunicar-se com voc\u00ea, diretamente ou por meio de um de nossos parceiros, inclusive para atendimento ao cliente, para fornecer atualiza\u00e7\u00f5es e outras informa\u00e7\u00f5es relacionadas ao site e para fins de marketing e promo\u00e7\u00f5es<\/li><li>Enviar-lhe e-mails<\/li><li>Encontrar e evitar fraudes<\/li><\/ul>\n\n\n\n<p><strong><u>Por Quanto Tempo Mantemos Suas Informa\u00e7\u00f5es?<\/u><\/strong><\/p>\n\n\n\n<p>Mantemos suas informa\u00e7\u00f5es apenas enquanto precisarmos delas para fornecer os servi\u00e7os da Vl-consultoria para voc\u00ea e cumprir os prop\u00f3sitos descritos nesta pol\u00edtica. Este tamb\u00e9m \u00e9 o caso de qualquer pessoa com quem compartilhamos suas informa\u00e7\u00f5es e que realiza servi\u00e7os em nosso nome. Quando n\u00e3o precisarmos mais usar suas informa\u00e7\u00f5es e n\u00e3o houver necessidade de mant\u00ea-las para cumprir nossas obriga\u00e7\u00f5es legais ou regulamentares, as removeremos de nossos sistemas ou as despersonalizaremos para que n\u00e3o possamos identific\u00e1-lo.<\/p>\n\n\n\n<p><strong><u>Como Protegemos os Seus Dados?<\/u><\/strong><\/p>\n\n\n\n<p>Implementamos uma variedade de medidas de seguran\u00e7a para manter a seguran\u00e7a de suas informa\u00e7\u00f5es pessoais quando voc\u00ea faz um pedido ou insere, envia ou acessa suas informa\u00e7\u00f5es pessoais. N\u00f3s oferecemos o uso de um servidor seguro. Todas as informa\u00e7\u00f5es confidenciais\/de cr\u00e9dito fornecidas s\u00e3o transmitidas por meio da tecnologia Secure Socket Layer (SSL) e, em seguida, criptografadas em nosso banco de dados de provedores de gateway de pagamento apenas para serem acessadas por aqueles autorizados com direitos de acesso especiais a tais sistemas e que s\u00e3o obrigados a manter as informa\u00e7\u00f5es confidenciais. Ap\u00f3s uma transa\u00e7\u00e3o, suas informa\u00e7\u00f5es privadas (cart\u00f5es de cr\u00e9dito, n\u00fameros de previd\u00eancia social, finan\u00e7as, etc.) nunca s\u00e3o mantidas em arquivo. <strong><u><\/u><\/strong><\/p>\n\n\n\n<p><strong><u>Arquivos de Registro<\/u><\/strong><\/p>\n\n\n\n<p>A Vl-consultoria segue um procedimento padr\u00e3o de uso de arquivos de registro. Esses arquivos registram os visitantes quando eles visitam sites. Todas as empresas de hospedagem fazem isso e uma parte da an\u00e1lise dos servi\u00e7os de hospedagem. As informa\u00e7\u00f5es coletadas pelos arquivos de registro incluem endere\u00e7os de protocolo da Internet (IP), tipo de navegador, provedor de servi\u00e7os de Internet (ISP), carimbo de data e hora, p\u00e1ginas de refer\u00eancia\/sa\u00edda e, possivelmente, o n\u00famero de cliques. Eles n\u00e3o est\u00e3o vinculados a nenhuma informa\u00e7\u00e3o que seja pessoalmente identific\u00e1vel. O objetivo das informa\u00e7\u00f5es \u00e9 analisar tend\u00eancias, administrar o site, rastrear o movimento dos usu\u00e1rios no site e coletar informa\u00e7\u00f5es demogr\u00e1ficas.<\/p>\n\n\n\n<p><strong><u>Cookies<\/u><\/strong><\/p>\n\n\n\n<p>Como qualquer outro site, a Vl-consultoria usa \u2018cookies\u2019. Esses cookies s\u00e3o usados \u200b\u200bpara armazenar informa\u00e7\u00f5es, incluindo as prefer\u00eancias dos visitantes e as p\u00e1ginas do site que o visitante acessou ou visitou. As informa\u00e7\u00f5es s\u00e3o usadas para otimizar a experi\u00eancia dos usu\u00e1rios, personalizando o conte\u00fado de nossa p\u00e1gina da web com base no tipo de navegador dos visitantes e\/ou outras informa\u00e7\u00f5es.<\/p>\n\n\n\n<p><strong><u>Lei Aplic\u00e1vel<\/u><\/strong><\/p>\n\n\n\n<p>Esta Pol\u00edtica de Privacidade \u00e9 regida pelas leis de Portugal, independentemente do seu conflito de disposi\u00e7\u00f5es legais. Voc\u00ea concorda com a jurisdi\u00e7\u00e3o exclusiva dos tribunais em rela\u00e7\u00e3o a qualquer a\u00e7\u00e3o ou disputa que surja entre as partes sob ou em conex\u00e3o com esta Pol\u00edtica de Privacidade.<\/p>\n\n\n\n<p>As leis de Portugal, excluindo seus conflitos de regras legais, reger\u00e3o este Contrato e seu uso do site. Seu uso do site tamb\u00e9m pode estar sujeito a outras leis locais, estaduais, nacionais ou internacionais.<\/p>\n\n\n\n<p>Ao usar a Vl-consultoria ou entrar em contato conosco diretamente, voc\u00ea indica sua aceita\u00e7\u00e3o desta Pol\u00edtica de Privacidade. Se voc\u00ea n\u00e3o concordar com esta Pol\u00edtica de Privacidade, voc\u00ea n\u00e3o deve se envolver com nosso site ou usar nossos servi\u00e7os. O uso continuado do site, o envolvimento direto conosco ou a publica\u00e7\u00e3o de altera\u00e7\u00f5es nesta Pol\u00edtica de Privacidade que n\u00e3o afetem significativamente o uso ou a divulga\u00e7\u00e3o de suas informa\u00e7\u00f5es pessoais significar\u00e1 que voc\u00ea aceita essas altera\u00e7\u00f5es.<\/p>\n\n\n\n<p><strong><u>Pol\u00edticas de Privacidade de Parceiros de Publicidade<\/u><\/strong><\/p>\n\n\n\n<p>Voc\u00ea poder\u00e1 consultar esta lista para encontrar a Pol\u00edtica de Privacidade de cada um dos parceiros publicit\u00e1rios da Vl-consultoria.<\/p>\n\n\n\n<p>Servidores de an\u00fancios de terceiros ou redes de an\u00fancios usam tecnologias como cookies que s\u00e3o usados \u200b\u200bem seus respectivos an\u00fancios e links que aparecem na Vl-consultoria, que s\u00e3o enviados diretamente aos navegadores dos usu\u00e1rios. Eles recebem automaticamente seu endere\u00e7o IP quando isso ocorre. Essas tecnologias s\u00e3o usadas para medir a efic\u00e1cia de suas campanhas publicit\u00e1rias e\/ou para personalizar o conte\u00fado publicit\u00e1rio que voc\u00ea v\u00ea nos sites que visita.<\/p>\n\n\n\n<p>Observe que a Vl-consultoria n\u00e3o tem acesso ou controle sobre esses cookies que s\u00e3o usados \u200b\u200bpor anunciantes de terceiros.<\/p>\n\n\n\n<p><strong><u>Pol\u00edticas de Privacidade de Terceiros<\/u><\/strong><\/p>\n\n\n\n<p>A Pol\u00edtica de Privacidade da Vl-consultoria n\u00e3o se aplica a outros anunciantes ou sites. Assim, aconselhamos que consulte as respectivas Pol\u00edticas de Privacidade desses servidores de an\u00fancios de terceiros para obter informa\u00e7\u00f5es mais detalhadas. Pode incluir suas pr\u00e1ticas e instru\u00e7\u00f5es sobre como desativar determinadas op\u00e7\u00f5es.<\/p>\n\n\n\n<p>Voc\u00ea pode optar por desabilitar os cookies atrav\u00e9s das op\u00e7\u00f5es individuais do seu navegador. Para saber informa\u00e7\u00f5es mais detalhadas sobre a gest\u00e3o de cookies com navegadores espec\u00edficos, voc\u00ea pode encontr\u00e1-las nos respetivos sites dos navegadores.<\/p>\n\n\n\n<p><strong><u>Direitos de Prote\u00e7\u00e3o de Dados GDPR<\/u><\/strong><\/p>\n\n\n\n<p>Gostar\u00edamos de ter certeza de que voc\u00ea est\u00e1 totalmente ciente de todos os seus direitos de prote\u00e7\u00e3o de dados. Todo usu\u00e1rio tem direito ao seguinte:<\/p>\n\n\n\n<p>O direito de acesso \u2013 Voc\u00ea tem o direito de solicitar c\u00f3pias de seus dados pessoais. Podemos cobrar uma pequena taxa por este servi\u00e7o.<\/p>\n\n\n\n<p>O direito de retifica\u00e7\u00e3o \u2013 Voc\u00ea tem o direito de solicitar que corrijamos qualquer informa\u00e7\u00e3o que voc\u00ea acredite ser imprecisa. Voc\u00ea tamb\u00e9m tem o direito de solicitar que completemos as informa\u00e7\u00f5es que voc\u00ea acredita estarem incompletas.<\/p>\n\n\n\n<p>O direito de apagar \u2013 Voc\u00ea tem o direito de solicitar que apaguemos seus dados pessoais, sob certas condi\u00e7\u00f5es.<\/p>\n\n\n\n<p>O direito de restringir o processamento \u2013 Voc\u00ea tem o direito de solicitar que restrinjamos o processamento de seus dados pessoais, sob certas condi\u00e7\u00f5es.<\/p>\n\n\n\n<p>O direito de se opor ao processamento \u2013 Voc\u00ea tem o direito de se opor ao nosso processamento de seus dados pessoais, sob certas condi\u00e7\u00f5es.<\/p>\n\n\n\n<p>O direito \u00e0 portabilidade de dados \u2013 Voc\u00ea tem o direito de solicitar que transfiramos os dados que coletamos para outra organiza\u00e7\u00e3o, ou diretamente para voc\u00ea, sob certas condi\u00e7\u00f5es.<\/p>\n\n\n\n<p>Se voc\u00ea fizer uma solicita\u00e7\u00e3o, temos um m\u00eas para responder a voc\u00ea. Se voc\u00ea deseja exercer algum desses direitos, entre em contato conosco.<\/p>\n\n\n\n<p><strong><u>Informa\u00e7\u00f5es Para Crian\u00e7as<\/u><\/strong><\/p>\n\n\n\n<p>Outra parte de nossa prioridade \u00e9 adicionar prote\u00e7\u00e3o para crian\u00e7as enquanto usam a internet. Incentivamos os pais e respons\u00e1veis \u200b\u200ba observar, participar e\/ou monitorar e orientar suas atividades online.<\/p>\n\n\n\n<p>A Vl-consultoria n\u00e3o coleta intencionalmente nenhuma Informa\u00e7\u00e3o de Identifica\u00e7\u00e3o Pessoal de crian\u00e7as menores de 18 anos. Se voc\u00ea acha que seu filho forneceu esse tipo de informa\u00e7\u00e3o em nosso site, recomendamos que voc\u00ea entre em contato conosco imediatamente e faremos nossos melhores esfor\u00e7os para remover imediatamente essas informa\u00e7\u00f5es de nossos registros.<\/p>\n\n\n\n<p><strong><u>Altera\u00e7\u00f5es \u00e0 Nossa Pol\u00edtica de Privacidade<\/u><\/strong><\/p>\n\n\n\n<p>Podemos alterar nosso Servi\u00e7o e nossas pol\u00edticas, e podemos precisar fazer altera\u00e7\u00f5es nesta Pol\u00edtica de Privacidade para que elas reflitam com precis\u00e3o nosso Servi\u00e7o e nossas pol\u00edticas. A menos que exigido por lei, iremos notific\u00e1-lo (por exemplo, atrav\u00e9s do nosso Servi\u00e7o) antes de fazermos altera\u00e7\u00f5es a esta Pol\u00edtica de Privacidade e dar-lhe a oportunidade de revis\u00e1-las antes que entrem em vigor. Ent\u00e3o, se voc\u00ea continuar a usar o Servi\u00e7o, ficar\u00e1 vinculado \u00e0 Pol\u00edtica de Privacidade atualizada. Se voc\u00ea n\u00e3o quiser concordar com esta ou qualquer Pol\u00edtica de Privacidade atualizada, voc\u00ea pode excluir sua conta.<\/p>\n\n\n\n<p><a><\/a><strong><u>Contate-Nos<\/u><\/strong><\/p>\n\n\n\n<p>Se voc\u00ea tiver d\u00favidas adicionais ou precisar de mais informa\u00e7\u00f5es sobre nossa Pol\u00edtica de Privacidade, n\u00e3o hesite em nos contatar.<\/p>\n\n\n\n<p>\u00a0- Atrav\u00e9s do e-mail:\u00a0 <a href=\"mailto:info@artoney.com\"> <\/a><a href=\"mailto:info@vl-consultoria.com\">info@vl-consultoria.com<\/a><a href=\"mailto:info@artoney.com\"> <\/a><\/p>\n\n\n\n<p> - Telefone: <a href=\"tel: 351 920070541\">+351 920070541<\/a> <\/p>\n\n\n\n<p>&nbsp;- Atrav\u00e9s deste link:\u00a0&nbsp; <a href=\"https:\/\/vl-consultoria.com\/index.php\/contact-us\/\">https:\/\/vl-consultoria.com\/index.php\/contact-us\/<\/a><\/p>","protected":false},"excerpt":{"rendered":"<p>At Vl-consultoria, accessible from https:\/\/www.Vl-consultoria.com\/, one of our main priorities is the privacy of our visitors. This Privacy Policy document contains types of information that is collected and recorded by Vl-consultoria and how we use it. This [&hellip;]<\/p>","protected":false},"author":1,"featured_media":0,"parent":0,"menu_order":0,"comment_status":"closed","ping_status":"open","template":"","meta":{"footnotes":""},"yoast_head":"<!-- This site is optimized with the Yoast SEO plugin v17.7.1 - https:\/\/yoast.com\/wordpress\/plugins\/seo\/ -->\n<title>Privacy Policy - Consultoria<\/title>\n<meta name=\"robots\" content=\"index, follow, max-snippet:-1, max-image-preview:large, max-video-preview:-1\" \/>\n<link rel=\"canonical\" href=\"https:\/\/vl-consultoria.com\/pt\/privacy-policy\/\" \/>\n<meta property=\"og:locale\" content=\"pt_PT\" \/>\n<meta property=\"og:type\" content=\"article\" \/>\n<meta property=\"og:title\" content=\"Privacy Policy - Consultoria\" \/>\n<meta property=\"og:description\" content=\"At Vl-consultoria, accessible from https:\/\/www.Vl-consultoria.com\/, one of our main priorities is the privacy of our visitors. This Privacy Policy document contains types of information that is collected and recorded by Vl-consultoria and how we use it. This [&hellip;]\" \/>\n<meta property=\"og:url\" content=\"https:\/\/vl-consultoria.com\/pt\/privacy-policy\/\" \/>\n<meta property=\"og:site_name\" content=\"Consultoria\" \/>\n<meta property=\"article:modified_time\" content=\"2021-11-12T09:29:40+00:00\" \/>\n<meta name=\"twitter:card\" content=\"summary_large_image\" \/>\n<meta name=\"twitter:label1\" content=\"Tempo estimado de leitura\" \/>\n\t<meta name=\"twitter:data1\" content=\"8 minutos\" \/>\n<script type=\"application\/ld+json\" class=\"yoast-schema-graph\">{\"@context\":\"https:\/\/schema.org\",\"@graph\":[{\"@type\":\"WebSite\",\"@id\":\"https:\/\/vl-consultoria.com\/de\/#website\",\"url\":\"https:\/\/vl-consultoria.com\/de\/\",\"name\":\"Consultoria\",\"description\":\"\",\"potentialAction\":[{\"@type\":\"SearchAction\",\"target\":{\"@type\":\"EntryPoint\",\"urlTemplate\":\"https:\/\/vl-consultoria.com\/de\/?s={search_term_string}\"},\"query-input\":\"required name=search_term_string\"}],\"inLanguage\":\"pt-PT\"},{\"@type\":\"WebPage\",\"@id\":\"https:\/\/vl-consultoria.com\/pt\/privacy-policy\/#webpage\",\"url\":\"https:\/\/vl-consultoria.com\/pt\/privacy-policy\/\",\"name\":\"Privacy Policy - Consultoria\",\"isPartOf\":{\"@id\":\"https:\/\/vl-consultoria.com\/de\/#website\"},\"datePublished\":\"2021-10-04T13:21:15+00:00\",\"dateModified\":\"2021-11-12T09:29:40+00:00\",\"breadcrumb\":{\"@id\":\"https:\/\/vl-consultoria.com\/pt\/privacy-policy\/#breadcrumb\"},\"inLanguage\":\"pt-PT\",\"potentialAction\":[{\"@type\":\"ReadAction\",\"target\":[\"https:\/\/vl-consultoria.com\/pt\/privacy-policy\/\"]}]},{\"@type\":\"BreadcrumbList\",\"@id\":\"https:\/\/vl-consultoria.com\/pt\/privacy-policy\/#breadcrumb\",\"itemListElement\":[{\"@type\":\"ListItem\",\"position\":1,\"name\":\"Home\",\"item\":\"https:\/\/vl-consultoria.com\/\"},{\"@type\":\"ListItem\",\"position\":2,\"name\":\"Privacy Policy\"}]}]}<\/script>\n<!-- \/ Yoast SEO plugin. -->","yoast_head_json":{"title":"Privacy Policy - Consultoria","robots":{"index":"index","follow":"follow","max-snippet":"max-snippet:-1","max-image-preview":"max-image-preview:large","max-video-preview":"max-video-preview:-1"},"canonical":"https:\/\/vl-consultoria.com\/pt\/privacy-policy\/","og_locale":"pt_PT","og_type":"article","og_title":"Privacy Policy - Consultoria","og_description":"At Vl-consultoria, accessible from https:\/\/www.Vl-consultoria.com\/, one of our main priorities is the privacy of our visitors. This Privacy Policy document contains types of information that is collected and recorded by Vl-consultoria and how we use it. This [&hellip;]","og_url":"https:\/\/vl-consultoria.com\/pt\/privacy-policy\/","og_site_name":"Consultoria","article_modified_time":"2021-11-12T09:29:40+00:00","twitter_card":"summary_large_image","twitter_misc":{"Tempo estimado de leitura":"8 minutos"},"schema":{"@context":"https:\/\/schema.org","@graph":[{"@type":"WebSite","@id":"https:\/\/vl-consultoria.com\/de\/#website","url":"https:\/\/vl-consultoria.com\/de\/","name":"Consultoria","description":"","potentialAction":[{"@type":"SearchAction","target":{"@type":"EntryPoint","urlTemplate":"https:\/\/vl-consultoria.com\/de\/?s={search_term_string}"},"query-input":"required name=search_term_string"}],"inLanguage":"pt-PT"},{"@type":"WebPage","@id":"https:\/\/vl-consultoria.com\/pt\/privacy-policy\/#webpage","url":"https:\/\/vl-consultoria.com\/pt\/privacy-policy\/","name":"Privacy Policy - Consultoria","isPartOf":{"@id":"https:\/\/vl-consultoria.com\/de\/#website"},"datePublished":"2021-10-04T13:21:15+00:00","dateModified":"2021-11-12T09:29:40+00:00","breadcrumb":{"@id":"https:\/\/vl-consultoria.com\/pt\/privacy-policy\/#breadcrumb"},"inLanguage":"pt-PT","potentialAction":[{"@type":"ReadAction","target":["https:\/\/vl-consultoria.com\/pt\/privacy-policy\/"]}]},{"@type":"BreadcrumbList","@id":"https:\/\/vl-consultoria.com\/pt\/privacy-policy\/#breadcrumb","itemListElement":[{"@type":"ListItem","position":1,"name":"Home","item":"https:\/\/vl-consultoria.com\/"},{"@type":"ListItem","position":2,"name":"Privacy Policy"}]}]}},"_links":{"self":[{"href":"https:\/\/vl-consultoria.com\/pt\/wp-json\/wp\/v2\/pages\/3"}],"collection":[{"href":"https:\/\/vl-consultoria.com\/pt\/wp-json\/wp\/v2\/pages"}],"about":[{"href":"https:\/\/vl-consultoria.com\/pt\/wp-json\/wp\/v2\/types\/page"}],"author":[{"embeddable":true,"href":"https:\/\/vl-consultoria.com\/pt\/wp-json\/wp\/v2\/users\/1"}],"replies":[{"embeddable":true,"href":"https:\/\/vl-consultoria.com\/pt\/wp-json\/wp\/v2\/comments?post=3"}],"version-history":[{"count":6,"href":"https:\/\/vl-consultoria.com\/pt\/wp-json\/wp\/v2\/pages\/3\/revisions"}],"predecessor-version":[{"id":4696,"href":"https:\/\/vl-consultoria.com\/pt\/wp-json\/wp\/v2\/pages\/3\/revisions\/4696"}],"wp:attachment":[{"href":"https:\/\/vl-consultoria.com\/pt\/wp-json\/wp\/v2\/media?parent=3"}],"curies":[{"name":"wp","href":"https:\/\/api.w.org\/{rel}","templated":true}]}}