{"id":13,"date":"2021-10-13T09:39:55","date_gmt":"2021-10-13T09:39:55","guid":{"rendered":"http:\/\/vl-consultoria.com\/?page_id=13"},"modified":"2021-11-23T15:27:24","modified_gmt":"2021-11-23T15:27:24","slug":"refund_returns","status":"publish","type":"page","link":"https:\/\/vl-consultoria.com\/pt\/refund_returns\/","title":{"rendered":"Politica de Reembolso"},"content":{"rendered":"<p>Num cen\u00e1rio lament\u00e1vel, em que seja solicitado o reembolso do valor, segue abaixo a estrita Pol\u00edtica de Reembolso da VANTAGEM LOUVAVEL \u2013 UNIPERSSOAL LDA.<\/p>\n\n\n\n<p>A VANTAGEM LOUVAVEL \u2013 UNIPERSSOAL LDA \u00e9 uma ag\u00eancia de seguros e consultoria fiscal. Qualquer valor auferido no seu \u00e2mbito de servi\u00e7os n\u00e3o \u00e9 reembols\u00e1vel a n\u00e3o ser que expressamente declarado. A Taxa de Consultoria \u00e9 tratada como adiantamento e considerada como auferida contra o tempo e os servi\u00e7os do Consultor, exceto a rescis\u00e3o do acordo por justa causa quando:<\/p>\n\n\n\n<ul><li>H\u00e1 algo errado com os servi\u00e7os que voc\u00ea comprou, ou se voc\u00ea n\u00e3o estiver satisfeito com isso, voc\u00ea tem 2 semanas para solicitar um reembolso.<\/li><\/ul>\n\n\n\n<ul><li>Suponha que o encerramento prematuro esteja acontecendo antes de prestar os servi\u00e7os completos. Nesse caso, ser\u00e1 feito um c\u00e1lculo justo de acordo com a taxa de servi\u00e7os profissionais e eventuais reembolsos, e a parte do valor n\u00e3o ganho ser\u00e1 reembolsada ao Cliente.&nbsp;<\/li><\/ul>\n\n\n\n<p>Ser\u00e1 emitido um reembolso total em caso de erro t\u00e9cnico como cobran\u00e7a duplicada ou outras inst\u00e2ncias em que a VANTAGEM LOUVAVEL \u2013 UNIPERSSOAL LDA seja respons\u00e1vel. Um pedido de reembolso \u00e9 aceit\u00e1vel em caso de incapacidade ou incompet\u00eancia na execu\u00e7\u00e3o do servi\u00e7o. Neste caso, deve ser avaliado um c\u00e1lculo de compensa\u00e7\u00e3o justo em rela\u00e7\u00e3o ao tempo e esfor\u00e7o.&nbsp;<\/p>\n\n\n\n<p>Os reembolsos ser\u00e3o efetuados atrav\u00e9s do Modo de Pagamento Original ou por Transfer\u00eancia Banc\u00e1ria ou Cheque, onde n\u00e3o seja poss\u00edvel o reembolso atrav\u00e9s do modo de pagamento original.&nbsp;<\/p>\n\n\n\n<p>Qualquer solicita\u00e7\u00e3o de reembolso deve ser feita por e-mail por escrito, informando o motivo exato da solicita\u00e7\u00e3o de reembolso, o que levar\u00e1 imediatamente \u00e0 suspens\u00e3o ou rescis\u00e3o dos servi\u00e7os.&nbsp;<\/p>\n\n\n\n<p>Sinta-se \u00e0 vontade para entrar em contato conosco em\u00a0 <a href=\"mailto:info@vl-consultoria.com\">info@vl-consultoria.com<\/a> \u00a0se precisar de suporte ou informa\u00e7\u00f5es.<\/p>","protected":false},"excerpt":{"rendered":"<p>In an unfortunate scenario, where the refund of the amount is claimed, VANTAGEM LOUVAVEL &#8211; UNIPERSSOAL LDA strict Refund Policy is given below. VANTAGEM LOUVAVEL &#8211; UNIPERSSOAL LDA is an insurance and tax consulting agency. Any amount [&hellip;]<\/p>","protected":false},"author":1,"featured_media":0,"parent":0,"menu_order":0,"comment_status":"closed","ping_status":"closed","template":"","meta":{"footnotes":""},"yoast_head":"<!-- This site is optimized with the Yoast SEO plugin v17.7.1 - https:\/\/yoast.com\/wordpress\/plugins\/seo\/ -->\n<title>Refund Policy - Consultoria<\/title>\n<meta name=\"robots\" content=\"index, follow, max-snippet:-1, max-image-preview:large, max-video-preview:-1\" \/>\n<link rel=\"canonical\" href=\"https:\/\/vl-consultoria.com\/pt\/refund_returns\/\" \/>\n<meta property=\"og:locale\" content=\"pt_PT\" \/>\n<meta property=\"og:type\" content=\"article\" \/>\n<meta property=\"og:title\" content=\"Refund Policy - Consultoria\" \/>\n<meta property=\"og:description\" content=\"In an unfortunate scenario, where the refund of the amount is claimed, VANTAGEM LOUVAVEL &#8211; UNIPERSSOAL LDA strict Refund Policy is given below. VANTAGEM LOUVAVEL &#8211; UNIPERSSOAL LDA is an insurance and tax consulting agency. Any amount [&hellip;]\" \/>\n<meta property=\"og:url\" content=\"https:\/\/vl-consultoria.com\/pt\/refund_returns\/\" \/>\n<meta property=\"og:site_name\" content=\"Consultoria\" \/>\n<meta property=\"article:modified_time\" content=\"2021-11-23T15:27:24+00:00\" \/>\n<meta name=\"twitter:card\" content=\"summary_large_image\" \/>\n<meta name=\"twitter:label1\" content=\"Tempo estimado de leitura\" \/>\n\t<meta name=\"twitter:data1\" content=\"2 minutos\" \/>\n<script type=\"application\/ld+json\" class=\"yoast-schema-graph\">{\"@context\":\"https:\/\/schema.org\",\"@graph\":[{\"@type\":\"WebSite\",\"@id\":\"https:\/\/vl-consultoria.com\/de\/#website\",\"url\":\"https:\/\/vl-consultoria.com\/de\/\",\"name\":\"Consultoria\",\"description\":\"\",\"potentialAction\":[{\"@type\":\"SearchAction\",\"target\":{\"@type\":\"EntryPoint\",\"urlTemplate\":\"https:\/\/vl-consultoria.com\/de\/?s={search_term_string}\"},\"query-input\":\"required name=search_term_string\"}],\"inLanguage\":\"pt-PT\"},{\"@type\":\"WebPage\",\"@id\":\"https:\/\/vl-consultoria.com\/pt\/refund_returns\/#webpage\",\"url\":\"https:\/\/vl-consultoria.com\/pt\/refund_returns\/\",\"name\":\"Refund Policy - Consultoria\",\"isPartOf\":{\"@id\":\"https:\/\/vl-consultoria.com\/de\/#website\"},\"datePublished\":\"2021-10-13T09:39:55+00:00\",\"dateModified\":\"2021-11-23T15:27:24+00:00\",\"breadcrumb\":{\"@id\":\"https:\/\/vl-consultoria.com\/pt\/refund_returns\/#breadcrumb\"},\"inLanguage\":\"pt-PT\",\"potentialAction\":[{\"@type\":\"ReadAction\",\"target\":[\"https:\/\/vl-consultoria.com\/pt\/refund_returns\/\"]}]},{\"@type\":\"BreadcrumbList\",\"@id\":\"https:\/\/vl-consultoria.com\/pt\/refund_returns\/#breadcrumb\",\"itemListElement\":[{\"@type\":\"ListItem\",\"position\":1,\"name\":\"Home\",\"item\":\"https:\/\/vl-consultoria.com\/\"},{\"@type\":\"ListItem\",\"position\":2,\"name\":\"Refund Policy\"}]}]}<\/script>\n<!-- \/ Yoast SEO plugin. -->","yoast_head_json":{"title":"Refund Policy - Consultoria","robots":{"index":"index","follow":"follow","max-snippet":"max-snippet:-1","max-image-preview":"max-image-preview:large","max-video-preview":"max-video-preview:-1"},"canonical":"https:\/\/vl-consultoria.com\/pt\/refund_returns\/","og_locale":"pt_PT","og_type":"article","og_title":"Refund Policy - Consultoria","og_description":"In an unfortunate scenario, where the refund of the amount is claimed, VANTAGEM LOUVAVEL &#8211; UNIPERSSOAL LDA strict Refund Policy is given below. VANTAGEM LOUVAVEL &#8211; UNIPERSSOAL LDA is an insurance and tax consulting agency. Any amount [&hellip;]","og_url":"https:\/\/vl-consultoria.com\/pt\/refund_returns\/","og_site_name":"Consultoria","article_modified_time":"2021-11-23T15:27:24+00:00","twitter_card":"summary_large_image","twitter_misc":{"Tempo estimado de leitura":"2 minutos"},"schema":{"@context":"https:\/\/schema.org","@graph":[{"@type":"WebSite","@id":"https:\/\/vl-consultoria.com\/de\/#website","url":"https:\/\/vl-consultoria.com\/de\/","name":"Consultoria","description":"","potentialAction":[{"@type":"SearchAction","target":{"@type":"EntryPoint","urlTemplate":"https:\/\/vl-consultoria.com\/de\/?s={search_term_string}"},"query-input":"required name=search_term_string"}],"inLanguage":"pt-PT"},{"@type":"WebPage","@id":"https:\/\/vl-consultoria.com\/pt\/refund_returns\/#webpage","url":"https:\/\/vl-consultoria.com\/pt\/refund_returns\/","name":"Refund Policy - Consultoria","isPartOf":{"@id":"https:\/\/vl-consultoria.com\/de\/#website"},"datePublished":"2021-10-13T09:39:55+00:00","dateModified":"2021-11-23T15:27:24+00:00","breadcrumb":{"@id":"https:\/\/vl-consultoria.com\/pt\/refund_returns\/#breadcrumb"},"inLanguage":"pt-PT","potentialAction":[{"@type":"ReadAction","target":["https:\/\/vl-consultoria.com\/pt\/refund_returns\/"]}]},{"@type":"BreadcrumbList","@id":"https:\/\/vl-consultoria.com\/pt\/refund_returns\/#breadcrumb","itemListElement":[{"@type":"ListItem","position":1,"name":"Home","item":"https:\/\/vl-consultoria.com\/"},{"@type":"ListItem","position":2,"name":"Refund Policy"}]}]}},"_links":{"self":[{"href":"https:\/\/vl-consultoria.com\/pt\/wp-json\/wp\/v2\/pages\/13"}],"collection":[{"href":"https:\/\/vl-consultoria.com\/pt\/wp-json\/wp\/v2\/pages"}],"about":[{"href":"https:\/\/vl-consultoria.com\/pt\/wp-json\/wp\/v2\/types\/page"}],"author":[{"embeddable":true,"href":"https:\/\/vl-consultoria.com\/pt\/wp-json\/wp\/v2\/users\/1"}],"replies":[{"embeddable":true,"href":"https:\/\/vl-consultoria.com\/pt\/wp-json\/wp\/v2\/comments?post=13"}],"version-history":[{"count":4,"href":"https:\/\/vl-consultoria.com\/pt\/wp-json\/wp\/v2\/pages\/13\/revisions"}],"predecessor-version":[{"id":4699,"href":"https:\/\/vl-consultoria.com\/pt\/wp-json\/wp\/v2\/pages\/13\/revisions\/4699"}],"wp:attachment":[{"href":"https:\/\/vl-consultoria.com\/pt\/wp-json\/wp\/v2\/media?parent=13"}],"curies":[{"name":"wp","href":"https:\/\/api.w.org\/{rel}","templated":true}]}}