{"id":13,"date":"2021-10-13T09:39:55","date_gmt":"2021-10-13T09:39:55","guid":{"rendered":"http:\/\/vl-consultoria.com\/?page_id=13"},"modified":"2021-11-23T15:27:24","modified_gmt":"2021-11-23T15:27:24","slug":"refund_returns","status":"publish","type":"page","link":"https:\/\/vl-consultoria.com\/it\/refund_returns\/","title":{"rendered":"Politica di Rimborso"},"content":{"rendered":"<p>Nello sfortunato scenario in cui venisse richiesto il rimborso dell'importo, di seguito viene fornita la rigorosa Politica di Rimborso di VANTAGEM LOUVAVEL \u2013 UNIPERSSOAL LDA.<\/p>\n\n\n\n<p>VANTAGEM LOUVAVEL \u2013 UNIPERSSOAL LDA \u00e8 un'agenzia di consulenza assicurativa e fiscale. Qualsiasi importo guadagnato nell'ambito dei suoi servizi non \u00e8 rimborsabile se non espressamente dichiarato. La Commissione di Consulenza viene considerata come pagamento anticipato e considerata come guadagnata in base al tempo e ai servizi del Consulente, salvo la risoluzione del contratto per giusta causa nel momento in cui:<\/p>\n\n\n\n<ul><li>Se vi \u00e8 qualche problematica relativa ai servizi che hai acquistato o, se non sei soddisfatto, hai 2 settimane per emettere un rimborso.<\/li><\/ul>\n\n\n\n<ul><li>Supponiamo che la cessazione anticipata stia avvenendo prima di fornire i servizi completi. In tal caso, verr\u00e0 effettuato un congruo calcolo della tariffa dei servizi professionali e degli eventuali rimborsi e la parte dell'importo non guadagnato verr\u00e0 rimborsata al Cliente.&nbsp;<\/li><\/ul>\n\n\n\n<p>Verr\u00e0 emesso un rimborso completo in caso di errore tecnico come doppia ricarica o altri casi in cui VANTAGEM LOUVAVEL \u2013 UNIPERSSOAL LDA ne siano responsabili. Una richiesta di rimborso verr\u00e0 accettata in caso di incapacit\u00e0 o incompetenza nell'esecuzione del servizio. In questo caso, dovr\u00e0 essere valutato un equo compenso rispetto al tempo e agli sforzi.&nbsp;<\/p>\n\n\n\n<p>I rimborsi saranno emessi tramite la modalit\u00e0 di pagamento originale o tramite bonifico bancario o assegno, laddove \u00e8 impossibile rimborsare tramite la modalit\u00e0 di pagamento originale.&nbsp;<\/p>\n\n\n\n<p>Qualsiasi richiesta di rimborso deve essere presentata in forma scritta via email indicando il motivo esatto della richiesta di rimborso, che comporter\u00e0 immediatamente la sospensione o la cessazione dei servizi.&nbsp;<\/p>\n\n\n\n<p>Se hai bisogno di supporto o informazioni non esitare a contattarci all'indirizzo <a href=\"mailto:info@vl-consultoria.com\">info@vl-consultoria.com<\/a> .<\/p>","protected":false},"excerpt":{"rendered":"<p>In an unfortunate scenario, where the refund of the amount is claimed, VANTAGEM LOUVAVEL &#8211; UNIPERSSOAL LDA strict Refund Policy is given below. VANTAGEM LOUVAVEL &#8211; UNIPERSSOAL LDA is an insurance and tax consulting agency. Any amount [&hellip;]<\/p>","protected":false},"author":1,"featured_media":0,"parent":0,"menu_order":0,"comment_status":"closed","ping_status":"closed","template":"","meta":{"footnotes":""},"yoast_head":"<!-- This site is optimized with the Yoast SEO plugin v17.7.1 - https:\/\/yoast.com\/wordpress\/plugins\/seo\/ -->\n<title>Refund Policy - Consultoria<\/title>\n<meta name=\"robots\" content=\"index, follow, max-snippet:-1, max-image-preview:large, max-video-preview:-1\" \/>\n<link rel=\"canonical\" href=\"https:\/\/vl-consultoria.com\/it\/refund_returns\/\" \/>\n<meta property=\"og:locale\" content=\"it_IT\" \/>\n<meta property=\"og:type\" content=\"article\" \/>\n<meta property=\"og:title\" content=\"Refund Policy - Consultoria\" \/>\n<meta property=\"og:description\" content=\"In an unfortunate scenario, where the refund of the amount is claimed, VANTAGEM LOUVAVEL &#8211; UNIPERSSOAL LDA strict Refund Policy is given below. VANTAGEM LOUVAVEL &#8211; UNIPERSSOAL LDA is an insurance and tax consulting agency. Any amount [&hellip;]\" \/>\n<meta property=\"og:url\" content=\"https:\/\/vl-consultoria.com\/it\/refund_returns\/\" \/>\n<meta property=\"og:site_name\" content=\"Consultoria\" \/>\n<meta property=\"article:modified_time\" content=\"2021-11-23T15:27:24+00:00\" \/>\n<meta name=\"twitter:card\" content=\"summary_large_image\" \/>\n<meta name=\"twitter:label1\" content=\"Tempo di lettura stimato\" \/>\n\t<meta name=\"twitter:data1\" content=\"2 minuti\" \/>\n<script type=\"application\/ld+json\" class=\"yoast-schema-graph\">{\"@context\":\"https:\/\/schema.org\",\"@graph\":[{\"@type\":\"WebSite\",\"@id\":\"https:\/\/vl-consultoria.com\/de\/#website\",\"url\":\"https:\/\/vl-consultoria.com\/de\/\",\"name\":\"Consultoria\",\"description\":\"\",\"potentialAction\":[{\"@type\":\"SearchAction\",\"target\":{\"@type\":\"EntryPoint\",\"urlTemplate\":\"https:\/\/vl-consultoria.com\/de\/?s={search_term_string}\"},\"query-input\":\"required name=search_term_string\"}],\"inLanguage\":\"it-IT\"},{\"@type\":\"WebPage\",\"@id\":\"https:\/\/vl-consultoria.com\/pt\/refund_returns\/#webpage\",\"url\":\"https:\/\/vl-consultoria.com\/pt\/refund_returns\/\",\"name\":\"Refund Policy - Consultoria\",\"isPartOf\":{\"@id\":\"https:\/\/vl-consultoria.com\/de\/#website\"},\"datePublished\":\"2021-10-13T09:39:55+00:00\",\"dateModified\":\"2021-11-23T15:27:24+00:00\",\"breadcrumb\":{\"@id\":\"https:\/\/vl-consultoria.com\/pt\/refund_returns\/#breadcrumb\"},\"inLanguage\":\"it-IT\",\"potentialAction\":[{\"@type\":\"ReadAction\",\"target\":[\"https:\/\/vl-consultoria.com\/pt\/refund_returns\/\"]}]},{\"@type\":\"BreadcrumbList\",\"@id\":\"https:\/\/vl-consultoria.com\/pt\/refund_returns\/#breadcrumb\",\"itemListElement\":[{\"@type\":\"ListItem\",\"position\":1,\"name\":\"Home\",\"item\":\"https:\/\/vl-consultoria.com\/\"},{\"@type\":\"ListItem\",\"position\":2,\"name\":\"Refund Policy\"}]}]}<\/script>\n<!-- \/ Yoast SEO plugin. -->","yoast_head_json":{"title":"Refund Policy - Consultoria","robots":{"index":"index","follow":"follow","max-snippet":"max-snippet:-1","max-image-preview":"max-image-preview:large","max-video-preview":"max-video-preview:-1"},"canonical":"https:\/\/vl-consultoria.com\/it\/refund_returns\/","og_locale":"it_IT","og_type":"article","og_title":"Refund Policy - Consultoria","og_description":"In an unfortunate scenario, where the refund of the amount is claimed, VANTAGEM LOUVAVEL &#8211; UNIPERSSOAL LDA strict Refund Policy is given below. VANTAGEM LOUVAVEL &#8211; UNIPERSSOAL LDA is an insurance and tax consulting agency. Any amount [&hellip;]","og_url":"https:\/\/vl-consultoria.com\/it\/refund_returns\/","og_site_name":"Consultoria","article_modified_time":"2021-11-23T15:27:24+00:00","twitter_card":"summary_large_image","twitter_misc":{"Tempo di lettura stimato":"2 minuti"},"schema":{"@context":"https:\/\/schema.org","@graph":[{"@type":"WebSite","@id":"https:\/\/vl-consultoria.com\/de\/#website","url":"https:\/\/vl-consultoria.com\/de\/","name":"Consultoria","description":"","potentialAction":[{"@type":"SearchAction","target":{"@type":"EntryPoint","urlTemplate":"https:\/\/vl-consultoria.com\/de\/?s={search_term_string}"},"query-input":"required name=search_term_string"}],"inLanguage":"it-IT"},{"@type":"WebPage","@id":"https:\/\/vl-consultoria.com\/pt\/refund_returns\/#webpage","url":"https:\/\/vl-consultoria.com\/pt\/refund_returns\/","name":"Refund Policy - Consultoria","isPartOf":{"@id":"https:\/\/vl-consultoria.com\/de\/#website"},"datePublished":"2021-10-13T09:39:55+00:00","dateModified":"2021-11-23T15:27:24+00:00","breadcrumb":{"@id":"https:\/\/vl-consultoria.com\/pt\/refund_returns\/#breadcrumb"},"inLanguage":"it-IT","potentialAction":[{"@type":"ReadAction","target":["https:\/\/vl-consultoria.com\/pt\/refund_returns\/"]}]},{"@type":"BreadcrumbList","@id":"https:\/\/vl-consultoria.com\/pt\/refund_returns\/#breadcrumb","itemListElement":[{"@type":"ListItem","position":1,"name":"Home","item":"https:\/\/vl-consultoria.com\/"},{"@type":"ListItem","position":2,"name":"Refund Policy"}]}]}},"_links":{"self":[{"href":"https:\/\/vl-consultoria.com\/it\/wp-json\/wp\/v2\/pages\/13"}],"collection":[{"href":"https:\/\/vl-consultoria.com\/it\/wp-json\/wp\/v2\/pages"}],"about":[{"href":"https:\/\/vl-consultoria.com\/it\/wp-json\/wp\/v2\/types\/page"}],"author":[{"embeddable":true,"href":"https:\/\/vl-consultoria.com\/it\/wp-json\/wp\/v2\/users\/1"}],"replies":[{"embeddable":true,"href":"https:\/\/vl-consultoria.com\/it\/wp-json\/wp\/v2\/comments?post=13"}],"version-history":[{"count":4,"href":"https:\/\/vl-consultoria.com\/it\/wp-json\/wp\/v2\/pages\/13\/revisions"}],"predecessor-version":[{"id":4699,"href":"https:\/\/vl-consultoria.com\/it\/wp-json\/wp\/v2\/pages\/13\/revisions\/4699"}],"wp:attachment":[{"href":"https:\/\/vl-consultoria.com\/it\/wp-json\/wp\/v2\/media?parent=13"}],"curies":[{"name":"wp","href":"https:\/\/api.w.org\/{rel}","templated":true}]}}