{"id":4185,"date":"2021-10-13T09:40:49","date_gmt":"2021-10-13T09:40:49","guid":{"rendered":"https:\/\/vl-consultoria.com\/?page_id=4185"},"modified":"2021-11-12T09:28:26","modified_gmt":"2021-11-12T09:28:26","slug":"terms-and-conditions","status":"publish","type":"page","link":"https:\/\/vl-consultoria.com\/de\/terms-and-conditions\/","title":{"rendered":"Gesch\u00e4ftsbedingungen"},"content":{"rendered":"<p>Willkommen bei Vl-consultoria!<\/p>\n\n\n\n<p>Diese Allgemeinen Gesch\u00e4ftsbedingungen beschreiben die Regeln und Vorschriften f\u00fcr die Nutzung der Website von VANTAGEM LOUV\u00c1VEL \u2013 UNIPERSSOAL LDA, die sich auf https:\/\/vl-consultoria.com\/ befindet. <a href=\"https:\/\/vl-consultoria.com\/de\/\">https:\/\/vl-consultoria.com\/<\/a>.<\/p>\n\n\n\n<p>Durch den Zugriff auf diese Website gehen wir davon aus, dass Sie diese Allgemeinen Gesch\u00e4ftsbedingungen akzeptieren. Verwenden Sie Vl-consultoria nicht weiter, wenn Sie nicht damit einverstanden sind, alle auf dieser Seite genannten Bedingungen zu erf\u00fcllen.<\/p>\n\n\n\n<p><strong><u>Lizenz<\/u><\/strong><\/p>\n\n\n\n<p>Sofern nicht anders angegeben, besitzen VANTAGEM LOUV\u00c1VEL \u2013 UNIPERSSOAL LDA und\/oder seine Lizenzgeber die geistigen Eigentumsrechte an allen Materialien auf Vl-consultoria. Alle geistigen Eigentumsrechte sind vorbehalten. Sie k\u00f6nnen von Vl-consultoria aus f\u00fcr Ihren pers\u00f6nlichen Gebrauch unter den in diesen Allgemeinen Gesch\u00e4ftsbedingungen festgelegten Einschr\u00e4nkungen darauf zugreifen.<\/p>\n\n\n\n<p>Sie d\u00fcrfen nicht:<\/p>\n\n\n\n<ul><li>Material von Vl-consultoria neu ver\u00f6ffentlichen<\/li><li>Material von Vl-consultoria verkaufen, vermieten oder unterlizenzieren<\/li><li>Material von Vl-consultoria reproduzieren, duplizieren oder kopieren<\/li><li>Inhalte von Vl-consultoria weiterverbreiten<\/li><\/ul>\n\n\n\n<p>Diese Vereinbarung beginnt mit dem Datum dieser Vereinbarung.<\/p>\n\n\n\n<p><strong><u>Bedeutungen<\/u><\/strong><\/p>\n\n\n\n<p>F\u00fcr diese Allgemeinen Gesch\u00e4ftsbedingungen:<\/p>\n\n\n\n<p>&nbsp; -Cookie: kleine Datenmenge, die von einer Website generiert und von Ihrem Webbrowser gespeichert wird. Es wird verwendet, um Ihren Browser zu identifizieren, Analysen bereitzustellen und Informationen \u00fcber Sie wie Ihre Sprachpr\u00e4ferenz oder Anmeldeinformationen zu speichern.<\/p>\n\n\n\n<p>&nbsp; -Unternehmen: Wenn in dieser Richtlinie \"Unternehmen\", \"wir\", \"uns\" oder \"unser\" erw\u00e4hnt wird, bezieht sie sich auf VANTAGEM LOUV\u00c1VEL \u2013 UNIPERSSOAL LDA (Rua da Alf\u00e2ndega 10, Funchal, 9000-059, Insel Madeira, Portugal), das f\u00fcr Ihre Informationen gem\u00e4\u00df diesen Allgemeinen Gesch\u00e4ftsbedingungen verantwortlich ist.<\/p>\n\n\n\n<p>&nbsp; -Land: wo Vl-consultoria oder die Eigent\u00fcmer\/Gr\u00fcnder von Vl-consultoria ihren Sitz haben, ist in diesem Fall Portugal<\/p>\n\n\n\n<p>&nbsp; -Ger\u00e4t: jedes mit dem Internet verbundene Ger\u00e4t wie ein Telefon, Tablet, Computer oder jedes andere Ger\u00e4t, das verwendet werden kann, um Vl-consultoria zu besuchen und die Dienste zu nutzen.<\/p>\n\n\n\n<p>&nbsp; -Service: bezieht sich auf den von Vl-consultoria bereitgestellten Service, wie in den entsprechenden Bedingungen (falls verf\u00fcgbar) und auf dieser Plattform beschrieben.<\/p>\n\n\n\n<p>&nbsp; -Drittanbieter-Service: bezieht sich auf Werbetreibende, Wettbewerbssponsoren, Werbe- und Marketingpartner und andere, die unsere Inhalte bereitstellen oder deren Produkte oder Dienstleistungen Sie unserer Meinung nach interessieren k\u00f6nnten.<\/p>\n\n\n\n<p>&nbsp; -Website: VANTAGEM LOUV\u00c1VEL \u2013 Website von UNIPERSSOAL LDA, die \u00fcber diese URL aufgerufen werden kann: https:\/\/vl-consultoria.com\/ <a href=\"https:\/\/vl-consultoria.com\/de\/\">https:\/\/vl-consultoria.com\/<\/a><\/p>\n\n\n\n<p>&nbsp; -Sie: eine nat\u00fcrliche oder juristische Person, die bei Vl-consultoria registriert ist, um die Dienste zu nutzen.<\/p>\n\n\n\n<p><a><\/a><strong><u>Cookies<\/u><\/strong><\/p>\n\n\n\n<p>Wir verwenden die Verwendung von Cookies. Durch den Zugriff auf Vl-consultoria erkl\u00e4ren Sie sich damit einverstanden, Cookies in \u00dcbereinstimmung mit der Datenschutzerkl\u00e4rung von VANTAGEM LOUV\u00c1VEL \u2013 UNIPERSSOAL LDA zu verwenden.<\/p>\n\n\n\n<p>Die meisten interaktiven Websites verwenden Cookies, damit wir die Details des Benutzers f\u00fcr jeden Besuch abrufen k\u00f6nnen. Cookies werden von unserer Website verwendet, um die Funktionalit\u00e4t bestimmter Bereiche zu erm\u00f6glichen und den Besuchern unserer Website den Besuch zu erleichtern. Einige unserer Affiliate-\/Werbepartner k\u00f6nnen ebenfalls Cookies verwenden.<\/p>\n\n\n\n<p><strong><u>Haftung f\u00fcr Inhalte<\/u><\/strong><\/p>\n\n\n\n<p>Wir sind nicht verantwortlich f\u00fcr Inhalte, die auf Ihrer Website erscheinen. Sie erkl\u00e4ren sich damit einverstanden, uns vor allen Anspr\u00fcchen zu sch\u00fctzen und zu verteidigen, die sich auf Ihrer Website erheben. Auf keiner Website sollten Links erscheinen, die als verleumderisch, obsz\u00f6n oder kriminell ausgelegt werden k\u00f6nnen oder die Rechte Dritter verletzen, anderweitig verletzen oder bef\u00fcrworten.<\/p>\n\n\n\n<p><strong><u>Ihre Privatsph\u00e4re<\/u><\/strong><\/p>\n\n\n\n<p>Bitte lesen Sie die Datenschutzerkl\u00e4rung.<\/p>\n\n\n\n<p><strong><u>Rechtsvorbehalt<\/u><\/strong><\/p>\n\n\n\n<p>Wir behalten uns das Recht vor, Sie aufzufordern, alle Links oder einen bestimmten Link zu unserer Website zu entfernen. Sie erkl\u00e4ren sich damit einverstanden, alle Links zu unserer Website auf Anfrage unverz\u00fcglich zu entfernen. Wir behalten uns auch das Recht vor, diese Allgemeinen Gesch\u00e4ftsbedingungen und ihre Verlinkungsrichtlinie jederzeit zu \u00e4ndern. Durch die kontinuierliche Verlinkung auf unsere Website erkl\u00e4ren Sie sich damit einverstanden, an diese Verlinkungsbedingungen gebunden zu sein und diese zu befolgen.<\/p>\n\n\n\n<p><strong><u>Entfernung von Links von unserer Website<\/u><\/strong><\/p>\n\n\n\n<p>Wenn Sie einen Link auf unserer Website finden, der aus irgendeinem Grund anst\u00f6\u00dfig ist, k\u00f6nnen Sie uns jederzeit kontaktieren und informieren. Wir werden Anfragen zum Entfernen von Links pr\u00fcfen, aber wir sind nicht verpflichtet, Ihnen direkt zu antworten oder Ihnen direkt zu antworten.<\/p>\n\n\n\n<p>Wir garantieren nicht, dass die Informationen auf dieser Website korrekt sind, wir garantieren nicht deren Vollst\u00e4ndigkeit oder Richtigkeit; Wir versprechen auch nicht, sicherzustellen, dass die Website verf\u00fcgbar bleibt oder dass das Material auf der Website auf dem neuesten Stand gehalten wird.<\/p>\n\n\n\n<p><strong><u>Verzichtserkl\u00e4rung<\/u><\/strong><\/p>\n\n\n\n<p>Soweit gesetzlich zul\u00e4ssig, schlie\u00dfen wir alle Zusicherungen, Gew\u00e4hrleistungen und Bedingungen in Bezug auf unsere Website und die Nutzung dieser Website aus. Nichts in diesem Haftungsausschluss wird:<\/p>\n\n\n\n<ul><li>unsere oder Ihre Haftung f\u00fcr Tod oder K\u00f6rperverletzung einzuschr\u00e4nken oder auszuschlie\u00dfen;<\/li><li>unsere oder Ihre Haftung f\u00fcr Betrug oder betr\u00fcgerische Falschdarstellung einzuschr\u00e4nken oder auszuschlie\u00dfen;<\/li><li>unsere oder Ihre Verbindlichkeiten in einer Weise zu beschr\u00e4nken, die nach geltendem Recht nicht zul\u00e4ssig ist; oder<\/li><li>unsere oder Ihre Verbindlichkeiten ausschlie\u00dfen, die nach geltendem Recht nicht ausgeschlossen werden k\u00f6nnen.<\/li><\/ul>\n\n\n\n<p>Die Haftungsbeschr\u00e4nkungen und -verbote, die in diesem Abschnitt und an anderer Stelle in diesem Haftungsausschluss festgelegt sind: (a) unterliegen dem vorstehenden Absatz; und (b) regeln alle Verbindlichkeiten, die sich aus dem Haftungsausschluss ergeben, einschlie\u00dflich der Verbindlichkeiten, die sich aus dem Vertrag, aus unerlaubter Handlung und f\u00fcr die Verletzung gesetzlicher Pflichten ergeben.<\/p>\n\n\n\n<p>Solange die Website und die Informationen und Dienstleistungen auf der Website kostenlos zur Verf\u00fcgung gestellt werden, haften wir nicht f\u00fcr Verluste oder Sch\u00e4den jeglicher Art.<\/p>\n\n\n\n<p><strong><u>\u00c4nderungen unserer Allgemeinen Gesch\u00e4ftsbedingungen<\/u><\/strong><\/p>\n\n\n\n<p>Sie erkennen an und stimmen zu, dass Vl-consultoria die Bereitstellung des Dienstes (oder von Funktionen innerhalb des Dienstes) f\u00fcr Sie oder f\u00fcr Benutzer im Allgemeinen nach alleinigem Ermessen von Vl-consultoria ohne vorherige Ank\u00fcndigung an Sie (dauerhaft oder vor\u00fcbergehend) einstellen kann. Sie k\u00f6nnen die Nutzung des Dienstes jederzeit einstellen. Sie m\u00fcssen Vl-consultoria nicht ausdr\u00fccklich informieren, wenn Sie die Nutzung des Dienstes einstellen. Sie erkennen an und stimmen zu, dass, wenn Vl-consultoria den Zugriff auf Ihr Konto deaktiviert, Sie m\u00f6glicherweise nicht auf den Service, Ihre Kontodaten oder Dateien oder andere Materialien zugreifen k\u00f6nnen, die in Ihrem Konto enthalten sind.<\/p>\n\n\n\n<p>Wenn wir uns entscheiden, unsere Allgemeinen Gesch\u00e4ftsbedingungen zu \u00e4ndern, werden wir diese \u00c4nderungen auf dieser Seite ver\u00f6ffentlichen und\/oder das \u00c4nderungsdatum der Allgemeinen Gesch\u00e4ftsbedingungen unten aktualisieren.<\/p>\n\n\n\n<p><strong><u>Laufzeit und K\u00fcndigung<\/u><\/strong><\/p>\n\n\n\n<p>Diese Vereinbarung bleibt in Kraft, bis sie von Ihnen oder Vl-consultoria gek\u00fcndigt wird.<\/p>\n\n\n\n<p>Vl-consultoria kann nach eigenem Ermessen jederzeit und aus beliebigem grund oder ohne Angabe von Gr\u00fcnden diese Vereinbarung mit oder ohne vorherige Ank\u00fcndigung aussetzen oder k\u00fcndigen.<\/p>\n\n\n\n<p>Diese Vereinbarung endet sofort, ohne vorherige Ank\u00fcndigung von Vl-consultoria, falls Sie eine Bestimmung dieser Vereinbarung nicht einhalten. Sie k\u00f6nnen diese Vereinbarung auch k\u00fcndigen, indem Sie die Website und alle Kopien davon von Ihrem Computer l\u00f6schen.<\/p>\n\n\n\n<p>Nach Beendigung dieser Vereinbarung m\u00fcssen Sie jegliche Nutzung der Website einstellen und alle Kopien der Website von Ihrem Computer l\u00f6schen.<\/p>\n\n\n\n<p>Die K\u00fcndigung dieser Vereinbarung schr\u00e4nkt keine der Rechte oder Rechtsmittel von VL-consultoria nach Gesetz oder Billigkeitsrecht ein, falls Sie (w\u00e4hrend der Laufzeit dieser Vereinbarung) gegen eine Ihrer Verpflichtungen aus dieser Vereinbarung versto\u00dfen.<\/p>\n\n\n\n<p><strong><u>Aktualisierungen unserer Website<\/u><\/strong><\/p>\n\n\n\n<p>Vl-consultoria kann von Zeit zu Zeit Erweiterungen oder Verbesserungen der Funktionen \/ Funktionalit\u00e4ten der Website bereitstellen, die Patches, Fehlerbehebungen, Updates, Upgrades und andere Modifikationen (\"Updates\") umfassen k\u00f6nnen.<\/p>\n\n\n\n<p>Updates k\u00f6nnen bestimmte Funktionen und\/oder Funktionalit\u00e4ten der Website \u00e4ndern oder l\u00f6schen. Sie erkl\u00e4ren sich damit einverstanden, dass Vl-consultoria nicht verpflichtet ist, (i) Ihnen Updates zur Verf\u00fcgung zu stellen oder (ii) Ihnen weiterhin bestimmte Funktionen und\/oder Funktionalit\u00e4ten der Website zur Verf\u00fcgung zu stellen oder zu aktivieren.<\/p>\n\n\n\n<p>Sie erkl\u00e4ren sich ferner damit einverstanden, dass alle Updates (i) als integraler Bestandteil der Website gelten und (ii) den Bedingungen dieser Vereinbarung unterliegen.<\/p>\n\n\n\n<p><strong><u>Mitteilung \u00fcber die Streitigkeit<\/u><\/strong><\/p>\n\n\n\n<p>Im Falle einer Streitigkeit m\u00fcssen Sie oder Vl-consultoria der anderen Partei eine Mitteilung \u00fcber die Streitigkeit zukommen lassen, bei der es sich um eine schriftliche Erkl\u00e4rung handelt, in der der Name, die Adresse und die Kontaktinformationen der Partei, die sie eingereicht haben, die Tatsachen, die zu der Streitigkeit gef\u00fchrt haben, und die beantragte Abhilfe angegeben sind. Sie m\u00fcssen jede Mitteilung \u00fcber eine Streitigkeit per E-Mail an folgende Adresse senden: https:\/\/vl-consultoria.com\/index.php\/contact-us\/.Vl-consultoria sendet Ihnen jede Mitteilung \u00fcber Streitigkeiten per Post an Ihre Adresse, wenn wir sie haben, oder anderweitig an Ihre E-Mail-Adresse. Sie und Vl-consultoria werden versuchen, alle Streitigkeiten innerhalb von sechzig (60) Tagen ab dem Datum, an dem die Mitteilung \u00fcber die Streitigkeit gesendet wurde, durch informelle Verhandlungen beizulegen. Nach sechzig (60) Tagen k\u00f6nnen Sie oder Vl-consultoria ein Schiedsverfahren einleiten.<\/p>\n\n\n\n<p><strong><u>Verbindliches Schiedsverfahren<\/u><\/strong><\/p>\n\n\n\n<p>Wenn Sie und Vl-consultoria eine Streitigkeit nicht durch informelle Verhandlungen beilegen, werden alle anderen Bem\u00fchungen zur Beilegung der Streitigkeit ausschlie\u00dflich durch ein verbindliches Schiedsverfahren wie in diesem Abschnitt beschrieben durchgef\u00fchrt. Sie verzichten auf das Recht, alle Streitigkeiten vor Gericht vor einem Richter oder einer Jury zu verhandeln (oder als Partei oder Sammelkl\u00e4ger daran teilzunehmen). Die Streitigkeit wird durch ein verbindliches Schiedsverfahren in \u00dcbereinstimmung mit den Handelsschiedsregeln des Schiedsgerichtszentrums der portugiesischen Industrie- und Handelskammer beigelegt. Jede Partei kann bei jedem zust\u00e4ndigen Gericht einstweilige oder einstweilige Verf\u00fcgungen beantragen, soweit dies zum Schutz der Rechte oder des Eigentums der Partei bis zum Abschluss des Schiedsverfahrens erforderlich ist. Alle rechtlichen, buchhalterischen und sonstigen Kosten, Geb\u00fchren und Ausgaben, die der obsiegenden Partei entstehen, gehen zu Lasten der nicht obsiegenden Partei.<\/p>\n\n\n\n<p><strong><u>Einreichungen und Datenschutz<\/u><\/strong><\/p>\n\n\n\n<p>F\u00fcr den Fall, dass Sie Ideen, kreative Vorschl\u00e4ge, Designs, Fotos, Informationen, Werbung, Daten oder Vorschl\u00e4ge einreichen oder ver\u00f6ffentlichen, einschlie\u00dflich Ideen f\u00fcr neue oder verbesserte Produkte, Dienstleistungen, Funktionen, Technologien oder Werbeaktionen, erkl\u00e4ren Sie sich ausdr\u00fccklich damit einverstanden, dass solche Einsendungen automatisch als nicht vertraulich und nicht urheberrechtlich gesch\u00fctzt behandelt werden und ohne jegliche Entsch\u00e4digung oder Gutschrift an Sie in das alleinige Eigentum von Vl-consultoria \u00fcbergehen. Vl-consultoria und seine verbundenen Unternehmen haben keine Verpflichtungen in Bezug auf solche Einreichungen oder Beitr\u00e4ge und k\u00f6nnen die in solchen Einreichungen oder Beitr\u00e4gen enthaltenen Ideen f\u00fcr beliebige Zwecke in jedem Medium auf Dauer verwenden, einschlie\u00dflich, aber nicht beschr\u00e4nkt auf die Entwicklung, Herstellung und Vermarktung von Produkten und Dienstleistungen unter Verwendung solcher Ideen.<\/p>\n\n\n\n<p><strong><u>Kontaktieren Sie uns<\/u><\/strong><\/p>\n\n\n\n<p>Wenn Sie weitere Fragen haben oder weitere Informationen zu unserer Datenschutzerkl\u00e4rung ben\u00f6tigen, z\u00f6gern Sie nicht, uns zu kontaktieren.<\/p>\n\n\n\n<p>\u00a0- Per E-Mail:\u00a0 <a href=\"mailto:info@vl-consultoria.com\">info@vl-consultoria.com<\/a><\/p>\n\n\n\n<p>\u2013 Telefon: <a href=\"tel: 351 920070541\">+351 920070541<\/a><\/p>\n\n\n\n<p>&nbsp;- \u00dcber diesen Link:&nbsp; <a href=\"https:\/\/vl-consultoria.com\/index.php\/contact-us\/\">https:\/\/vl-consultoria.com\/index.php\/contact-us\/<\/a><\/p>","protected":false},"excerpt":{"rendered":"<p>Welcome to Vl-consultoria! These terms and conditions outline the rules and regulations for the use of VANTAGEM LOUV\u00c1VEL &#8211; UNIPERSSOAL LDA&#8217;s Website, located at https:\/\/vl-consultoria.com\/. By accessing this website, we assume you accept these terms and conditions. [&hellip;]<\/p>","protected":false},"author":1,"featured_media":0,"parent":0,"menu_order":0,"comment_status":"closed","ping_status":"closed","template":"","meta":{"footnotes":""},"yoast_head":"<!-- This site is optimized with the Yoast SEO plugin v17.7.1 - https:\/\/yoast.com\/wordpress\/plugins\/seo\/ -->\n<title>Terms and Conditions - Consultoria<\/title>\n<meta name=\"robots\" content=\"index, follow, max-snippet:-1, max-image-preview:large, max-video-preview:-1\" \/>\n<link rel=\"canonical\" href=\"https:\/\/vl-consultoria.com\/de\/terms-and-conditions\/\" \/>\n<meta property=\"og:locale\" content=\"de_DE\" \/>\n<meta property=\"og:type\" content=\"article\" \/>\n<meta property=\"og:title\" content=\"Terms and Conditions - Consultoria\" \/>\n<meta property=\"og:description\" content=\"Welcome to Vl-consultoria! These terms and conditions outline the rules and regulations for the use of VANTAGEM LOUV\u00c1VEL &#8211; UNIPERSSOAL LDA&#8217;s Website, located at https:\/\/vl-consultoria.com\/. By accessing this website, we assume you accept these terms and conditions. [&hellip;]\" \/>\n<meta property=\"og:url\" content=\"https:\/\/vl-consultoria.com\/de\/terms-and-conditions\/\" \/>\n<meta property=\"og:site_name\" content=\"Consultoria\" \/>\n<meta property=\"article:modified_time\" content=\"2021-11-12T09:28:26+00:00\" \/>\n<meta name=\"twitter:card\" content=\"summary_large_image\" \/>\n<meta name=\"twitter:label1\" content=\"Gesch\u00e4tzte Lesezeit\" \/>\n\t<meta name=\"twitter:data1\" content=\"7\u00a0Minuten\" \/>\n<script type=\"application\/ld+json\" class=\"yoast-schema-graph\">{\"@context\":\"https:\/\/schema.org\",\"@graph\":[{\"@type\":\"WebSite\",\"@id\":\"https:\/\/vl-consultoria.com\/de\/#website\",\"url\":\"https:\/\/vl-consultoria.com\/de\/\",\"name\":\"Consultoria\",\"description\":\"\",\"potentialAction\":[{\"@type\":\"SearchAction\",\"target\":{\"@type\":\"EntryPoint\",\"urlTemplate\":\"https:\/\/vl-consultoria.com\/de\/?s={search_term_string}\"},\"query-input\":\"required name=search_term_string\"}],\"inLanguage\":\"de\"},{\"@type\":\"WebPage\",\"@id\":\"https:\/\/vl-consultoria.com\/it\/terms-and-conditions\/#webpage\",\"url\":\"https:\/\/vl-consultoria.com\/it\/terms-and-conditions\/\",\"name\":\"Terms and Conditions - Consultoria\",\"isPartOf\":{\"@id\":\"https:\/\/vl-consultoria.com\/de\/#website\"},\"datePublished\":\"2021-10-13T09:40:49+00:00\",\"dateModified\":\"2021-11-12T09:28:26+00:00\",\"breadcrumb\":{\"@id\":\"https:\/\/vl-consultoria.com\/it\/terms-and-conditions\/#breadcrumb\"},\"inLanguage\":\"de\",\"potentialAction\":[{\"@type\":\"ReadAction\",\"target\":[\"https:\/\/vl-consultoria.com\/it\/terms-and-conditions\/\"]}]},{\"@type\":\"BreadcrumbList\",\"@id\":\"https:\/\/vl-consultoria.com\/it\/terms-and-conditions\/#breadcrumb\",\"itemListElement\":[{\"@type\":\"ListItem\",\"position\":1,\"name\":\"Home\",\"item\":\"https:\/\/vl-consultoria.com\/\"},{\"@type\":\"ListItem\",\"position\":2,\"name\":\"Terms and Conditions\"}]}]}<\/script>\n<!-- \/ Yoast SEO plugin. -->","yoast_head_json":{"title":"Terms and Conditions - Consultoria","robots":{"index":"index","follow":"follow","max-snippet":"max-snippet:-1","max-image-preview":"max-image-preview:large","max-video-preview":"max-video-preview:-1"},"canonical":"https:\/\/vl-consultoria.com\/de\/terms-and-conditions\/","og_locale":"de_DE","og_type":"article","og_title":"Terms and Conditions - Consultoria","og_description":"Welcome to Vl-consultoria! These terms and conditions outline the rules and regulations for the use of VANTAGEM LOUV\u00c1VEL &#8211; UNIPERSSOAL LDA&#8217;s Website, located at https:\/\/vl-consultoria.com\/. By accessing this website, we assume you accept these terms and conditions. [&hellip;]","og_url":"https:\/\/vl-consultoria.com\/de\/terms-and-conditions\/","og_site_name":"Consultoria","article_modified_time":"2021-11-12T09:28:26+00:00","twitter_card":"summary_large_image","twitter_misc":{"Gesch\u00e4tzte Lesezeit":"7\u00a0Minuten"},"schema":{"@context":"https:\/\/schema.org","@graph":[{"@type":"WebSite","@id":"https:\/\/vl-consultoria.com\/de\/#website","url":"https:\/\/vl-consultoria.com\/de\/","name":"Consultoria","description":"","potentialAction":[{"@type":"SearchAction","target":{"@type":"EntryPoint","urlTemplate":"https:\/\/vl-consultoria.com\/de\/?s={search_term_string}"},"query-input":"required name=search_term_string"}],"inLanguage":"de"},{"@type":"WebPage","@id":"https:\/\/vl-consultoria.com\/it\/terms-and-conditions\/#webpage","url":"https:\/\/vl-consultoria.com\/it\/terms-and-conditions\/","name":"Terms and Conditions - Consultoria","isPartOf":{"@id":"https:\/\/vl-consultoria.com\/de\/#website"},"datePublished":"2021-10-13T09:40:49+00:00","dateModified":"2021-11-12T09:28:26+00:00","breadcrumb":{"@id":"https:\/\/vl-consultoria.com\/it\/terms-and-conditions\/#breadcrumb"},"inLanguage":"de","potentialAction":[{"@type":"ReadAction","target":["https:\/\/vl-consultoria.com\/it\/terms-and-conditions\/"]}]},{"@type":"BreadcrumbList","@id":"https:\/\/vl-consultoria.com\/it\/terms-and-conditions\/#breadcrumb","itemListElement":[{"@type":"ListItem","position":1,"name":"Home","item":"https:\/\/vl-consultoria.com\/"},{"@type":"ListItem","position":2,"name":"Terms and Conditions"}]}]}},"_links":{"self":[{"href":"https:\/\/vl-consultoria.com\/de\/wp-json\/wp\/v2\/pages\/4185"}],"collection":[{"href":"https:\/\/vl-consultoria.com\/de\/wp-json\/wp\/v2\/pages"}],"about":[{"href":"https:\/\/vl-consultoria.com\/de\/wp-json\/wp\/v2\/types\/page"}],"author":[{"embeddable":true,"href":"https:\/\/vl-consultoria.com\/de\/wp-json\/wp\/v2\/users\/1"}],"replies":[{"embeddable":true,"href":"https:\/\/vl-consultoria.com\/de\/wp-json\/wp\/v2\/comments?post=4185"}],"version-history":[{"count":7,"href":"https:\/\/vl-consultoria.com\/de\/wp-json\/wp\/v2\/pages\/4185\/revisions"}],"predecessor-version":[{"id":4694,"href":"https:\/\/vl-consultoria.com\/de\/wp-json\/wp\/v2\/pages\/4185\/revisions\/4694"}],"wp:attachment":[{"href":"https:\/\/vl-consultoria.com\/de\/wp-json\/wp\/v2\/media?parent=4185"}],"curies":[{"name":"wp","href":"https:\/\/api.w.org\/{rel}","templated":true}]}}