{"id":4162,"date":"2021-10-13T09:31:01","date_gmt":"2021-10-13T09:31:01","guid":{"rendered":"https:\/\/vl-consultoria.com\/?page_id=4162"},"modified":"2021-11-12T09:29:14","modified_gmt":"2021-11-12T09:29:14","slug":"cookie-policy","status":"publish","type":"page","link":"https:\/\/vl-consultoria.com\/de\/cookie-policy\/","title":{"rendered":"Cookie-Richtlinie"},"content":{"rendered":"<p>Diese Cookie-Richtlinie erl\u00e4utert, wie VANTAGEM LOUV\u00c1VEL \u2013 UNIPERSSOAL LDA Cookies und \u00e4hnliche Technologien verwendet. Wann immer Sie die Websites, Produkte, Werbedienste oder andere Technologien (\"Dienste\") von Vl-consultoria nutzen oder eine Website, App oder einen Dienst besuchen, der unsere Dienste nutzt, k\u00f6nnen Informationen durch die Verwendung von Cookies und \u00e4hnlichen Technologien gesammelt werden. Vl-consultoria verpflichtet sich, die personenbezogenen Daten zu sch\u00fctzen, die bei der Nutzung unserer Dienste erhoben werden.<\/p>\n\n\n\n<p>&nbsp; -Cookie: kleine Datenmenge, die von einer Website generiert und von Ihrem Webbrowser gespeichert wird. Es wird verwendet, um Ihren Browser zu identifizieren, Analysen bereitzustellen und Informationen \u00fcber Sie wie Ihre Sprachpr\u00e4ferenz oder Anmeldeinformationen zu speichern.<\/p>\n\n\n\n<p>&nbsp; -Unternehmen: Wenn in dieser Richtlinie \"Unternehmen\", \"wir\", \"uns\" oder \"unser\" erw\u00e4hnt wird, bezieht sie sich auf VANTAGEM LOUV\u00c1VEL \u2013 UNIPERSSOAL LDA (Rua da Alf\u00e2ndega 10, Funchal, 9000-059, Madeira Island, Portugal), das f\u00fcr Ihre Informationen im Rahmen dieser Cookie-Richtlinie verantwortlich ist.<\/p>\n\n\n\n<p>&nbsp; -Ger\u00e4t: jedes mit dem Internet verbundene Ger\u00e4t wie ein Telefon, Tablet, Computer oder jedes andere Ger\u00e4t, das verwendet werden kann, um Vl-consultoria zu besuchen und die Dienste zu nutzen.<\/p>\n\n\n\n<p>&nbsp; Personenbezogene Daten: alle Informationen, die direkt, indirekt oder in Verbindung mit anderen Informationen - einschlie\u00dflich einer pers\u00f6nlichen Identifikationsnummer - die Identifizierung oder Identifizierbarkeit einer nat\u00fcrlichen Person erm\u00f6glichen.<\/p>\n\n\n\n<p>&nbsp; -Service: bezieht sich auf den von Vl-consultoria bereitgestellten Service, wie in den entsprechenden Bedingungen (falls verf\u00fcgbar) und auf dieser Plattform beschrieben.<\/p>\n\n\n\n<p>&nbsp; -Drittanbieter-Service: bezieht sich auf Werbetreibende, Wettbewerbssponsoren, Werbe- und Marketingpartner und andere, die unsere Inhalte bereitstellen oder deren Produkte oder Dienstleistungen Sie unserer Meinung nach interessieren k\u00f6nnten.<\/p>\n\n\n\n<p>&nbsp; -Website: VANTAGEM LOUV\u00c1VEL \u2013 Website von UNIPERSSOAL LDA, die \u00fcber diese URL aufgerufen werden kann: https:\/\/vl-consultoria.com\/ <a href=\"https:\/\/vl-consultoria.com\/de\/\">https:\/\/vl-consultoria.com\/<\/a><\/p>\n\n\n\n<p>&nbsp; -Sie: eine nat\u00fcrliche oder juristische Person, die bei VANTAGEM LOUV\u00c1VEL \u2013 UNIPERSSOAL LDA registriert ist, um die Dienste zu nutzen.<\/p>\n\n\n\n<p>Diese Cookie-Richtlinie bietet den Benutzern die folgenden Informationen:<\/p>\n\n\n\n<p><strong><u>Was sind Cookies und \u00e4hnliche Technologien?<\/u><\/strong><\/p>\n\n\n\n<p>Ein Cookie ist eine kleine Datendatei, oft mit einer eindeutigen Kennung, die vom Webserver an Ihren Computer, Ihr Mobiltelefon oder Ihr Tablet-Ger\u00e4t (in dieser Richtlinie als \"Ger\u00e4t\" bezeichnet) gesendet wird, damit sich die Website an einige Informationen \u00fcber Ihre Browsing-Aktivit\u00e4ten auf der Website erinnern kann.\n\nDas Cookie sammelt Informationen \u00fcber Ihre Nutzung unserer Dienste, Informationen \u00fcber Ihr Ger\u00e4t, z. B. die IP-Adresse und den Browsertyp des Ger\u00e4ts, den breiten Standort und, wenn Sie \u00fcber einen Link von einer Website eines Drittanbieters auf unsere Website gelangt sind, die URL der verlinkenden Seite. Wenn Sie sich f\u00fcr Dienste registriert haben oder ein Abonnent sind, k\u00f6nnen auch Ihr Name und Ihre E-Mail-Adresse erfasst werden, die an Datenverarbeiter zur \u00dcberpr\u00fcfung registrierter Benutzer oder Abonnenten \u00fcbertragen werden k\u00f6nnen.<\/p>\n\n\n\n<p>\u00c4hnliche Technologien, die als \"lokaler Speicher\" bekannt sind, k\u00f6nnen auch in unseren Diensten als Alternative zu Cookies verwendet werden. Dies ist eine Technologie, die Cookies \u00e4hnelt und sehr \u00e4hnliche Funktionen ausf\u00fchrt, z. B. das Zwischenspeichern von Daten, damit wir unsere Dienste verbessern k\u00f6nnen, die es Ihnen erm\u00f6glichen, sich f\u00fcr unsere Dienste zu registrieren, die Verfolgung von Aktivit\u00e4ten, damit wir und unsere Werbetreibenden in \u00dcbereinstimmung mit dieser Richtlinie f\u00fcr Sie werben k\u00f6nnen, und das Z\u00e4hlen der Anzahl der Personen, die Anzeigen auf unseren Diensten anzeigen. Wenn wir in dieser Richtlinie von \"Cookies\" sprechen, meinen wir Cookies oder \u00e4hnliche Technologien.<\/p>\n\n\n\n<p>Cookies zeichnen Informationen \u00fcber Ihre Online-Pr\u00e4ferenzen auf und helfen uns, unsere Dienste an Ihre Interessen anzupassen. Die von Cookies bereitgestellten Informationen k\u00f6nnen uns helfen, Ihre Nutzung unserer Dienste zu analysieren und Ihnen eine bessere Benutzererfahrung zu bieten.<\/p>\n\n\n\n<p>Zus\u00e4tzlich zu Cookies k\u00f6nnen unsere Dienste auch Web-Beacons, Clear GIFs, Seiten-Tags und Web-Bugs verwenden. Dies sind alle Arten von Technologien, die von Websites oder Ad-Servern von Drittanbietern implementiert werden, um es ihnen zu erm\u00f6glichen, Ihre Website-Nutzung zu analysieren und Ihre Erfahrung mit den Diensten zu verbessern.<\/p>\n\n\n\n<p><strong><u>Was sind die verschiedenen Arten von Cookies?<\/u><\/strong><\/p>\n\n\n\n<ul><li>Session-Cookies werden nur f\u00fcr die Dauer Ihres Besuchs auf einer Website gespeichert und vom Ger\u00e4t gel\u00f6scht, wenn Sie Ihren Browser schlie\u00dfen;<\/li><li>Dauerhafte Cookies werden nach dem Schlie\u00dfen des Browsers f\u00fcr einen bestimmten Zeitraum auf Ihrem Ger\u00e4t gespeichert und dort verwendet, wo wir (oder ein Dritter) Sie f\u00fcr eine sp\u00e4tere Browsersitzung identifizieren m\u00fcssen.<\/li><\/ul>\n\n\n\n<p>Wir verwenden die folgenden Arten von Cookies auf unserer Website: Wesentliche Cookies, Leistungs- und Funktionalit\u00e4ts-Cookies, Analyse- und Anpassungs-Cookies und Cookies von Drittanbietern.<\/p>\n\n\n\n<p><strong><u>Wof\u00fcr werden Cookies verwendet?<\/u><\/strong><\/p>\n\n\n\n<p><strong>1. Wesentliche Cookies<\/strong><\/p>\n\n\n\n<p>Wir verwenden essentielle Cookies, damit unsere Website funktioniert. Diese Cookies sind unbedingt erforderlich, um Kernfunktionen wie Sicherheit, Netzwerkverwaltung, Ihre Cookie-Pr\u00e4ferenzen und Zug\u00e4nglichkeit zu erm\u00f6glichen. Ohne sie w\u00e4ren Sie nicht in der Lage, grundlegende Dienste zu nutzen. Sie k\u00f6nnen diese deaktivieren, indem Sie Ihre Browsereinstellungen \u00e4ndern, dies kann sich jedoch auf die Funktionsweise der Websites auswirken.<\/p>\n\n\n\n<p><strong>2.<\/strong> <strong>Funktionale Cookies<\/strong><\/p>\n\n\n\n<p>Funktionale Cookies sind f\u00fcr den Betrieb unserer Dienste unerl\u00e4sslich. Sie werden verwendet, um sich an Ihre Pr\u00e4ferenzen auf unseren Websites zu erinnern und erweiterte, pers\u00f6nlichere Funktionen bereitzustellen. Die von diesen Cookies gesammelten Informationen werden in der Regel anonymisiert, so dass wir Sie nicht pers\u00f6nlich identifizieren k\u00f6nnen. Funktionale Cookies verfolgen nicht Ihre Internetnutzung oder sammeln Informationen, die f\u00fcr den Verkauf von Werbung verwendet werden k\u00f6nnten, aber sie helfen bei der Bereitstellung von Werbung. Diese Cookies sind in der Regel Sitzungscookies, die ablaufen, wenn Sie Ihre Browsersitzung schlie\u00dfen.<\/p>\n\n\n\n<p><strong>3. Analytische Leistungs- und Mess-Cookies<\/strong><\/p>\n\n\n\n<p>Analytische Leistungs-Cookies werden verwendet, um die Leistung unserer Dienste zu \u00fcberwachen, z. B. um die Anzahl der Seitenaufrufe und die Anzahl der eindeutigen Benutzer einer Website zu bestimmen. Webanalysedienste k\u00f6nnen von Dritten konzipiert und betrieben werden. Die von diesen Cookies bereitgestellten Informationen erm\u00f6glichen es uns, Muster des Nutzerverhaltens zu analysieren, und wir verwenden diese Informationen, um die Benutzererfahrung zu verbessern oder Bereiche der Website zu identifizieren, die m\u00f6glicherweise gewartet werden m\u00fcssen. Die Informationen sind anonym (d.h. sie k\u00f6nnen nicht verwendet werden, um Sie zu identifizieren und enthalten keine pers\u00f6nlichen Informationen wie Ihren Namen und Ihre E-Mail-Adresse) und sie werden nur f\u00fcr statistische Zwecke verwendet.<\/p>\n\n\n\n<p><strong>4. Cookies von Drittanbietern<\/strong><\/p>\n\n\n\n<p>Einige Cookies, die auf unserer Website gesetzt wurden, werden von Vl-consultoria nicht auf First-Party-Basis gesetzt. Die Websites k\u00f6nnen mit Inhalten von Dritten eingebettet werden, um Werbung zu schalten. Diese Drittanbieter k\u00f6nnen ihre eigenen Cookies in Ihrem Webbrowser setzen. Drittanbieter kontrollieren viele der oben beschriebenen Leistungs- und Funktions-, Werbe-, Marketing- und Analyse-Cookies. Wir kontrollieren die Verwendung dieser Cookies von Drittanbietern nicht, da Cookies nur von dem Dritten aufgerufen werden k\u00f6nnen, der sie urspr\u00fcnglich gesetzt hat.<\/p>\n\n\n\n<p><strong><u>Wie k\u00f6nnen Benutzer Cookies verwalten?<\/u><\/strong><\/p>\n\n\n\n<p>Einige Leute finden die Idee, dass eine Website Informationen auf ihrem Ger\u00e4t speichert, ein wenig aufdringlich, insbesondere wenn die Informationen von Dritten gespeichert und verwendet werden. Zum Beispiel k\u00f6nnen Sie der Anzeige von Werbung widersprechen, die auf Ihre Interessen basierend auf Ihrem Browserverlauf ausgerichtet ist.<\/p>\n\n\n\n<p>Cookies, auch solche, die bereits gesetzt wurden, k\u00f6nnen von Ihrer Festplatte gel\u00f6scht werden. Weitere Informationen finden Sie weiter unten.<\/p>\n\n\n\n<p>&nbsp; -Google Chrome<\/p>\n\n\n\n<p>&nbsp; -Internet Explorer<\/p>\n\n\n\n<p>&nbsp; -Mozilla Firefox<\/p>\n\n\n\n<p>&nbsp; -Safari (Desktop)<\/p>\n\n\n\n<p>&nbsp; -Safari (Mobil)<\/p>\n\n\n\n<p>&nbsp; -Android Browser<\/p>\n\n\n\n<p>&nbsp; -Oper<\/p>\n\n\n\n<p>&nbsp; -Opera Mobil<\/p>\n\n\n\n<p><strong><u>\u00c4nderungen an unserer Cookie-Richtlinie<\/u><\/strong><\/p>\n\n\n\n<p><a><\/a>Wir k\u00f6nnen unseren Service und unsere Richtlinien \u00e4ndern, und wir m\u00fcssen m\u00f6glicherweise \u00c4nderungen an dieser Cookie-Richtlinie vornehmen, damit sie unseren Service und unsere Richtlinien genau widerspiegeln. Sofern gesetzlich nicht anders vorgeschrieben, werden wir Sie benachrichtigen (z. B. \u00fcber unseren Service), bevor wir \u00c4nderungen an dieser Cookie-Richtlinie vornehmen, und Ihnen die M\u00f6glichkeit geben, diese zu \u00fcberpr\u00fcfen, bevor sie in Kraft treten. Wenn Sie den Dienst dann weiterhin nutzen, sind Sie an die aktualisierte Cookie-Richtlinie gebunden. Wenn Sie dieser oder einer aktualisierten Cookie-Richtlinie nicht zustimmen m\u00f6chten, k\u00f6nnen Sie Ihr Konto l\u00f6schen.<\/p>\n\n\n\n<p><strong><u>Kontaktieren Sie uns:<\/u><\/strong><\/p>\n\n\n\n<p>Wenn Sie weitere Fragen haben oder weitere Informationen zu unserer Datenschutzerkl\u00e4rung ben\u00f6tigen, z\u00f6gern Sie nicht, uns zu kontaktieren.<\/p>\n\n\n\n<p>\u00a0- Per E-Mail:\u00a0\u00a0<a href=\"mailto:info@vl-consultoria.com\">info@vl-consultoria.com<\/a><\/p>\n\n\n\n<p> \u2013 Telefon: <a href=\"tel: 351 920070541\">+351 920070541<\/a> <\/p>\n\n\n\n<p>&nbsp;- \u00dcber diesen Link:&nbsp; <a href=\"https:\/\/vl-consultoria.com\/index.php\/contact-us\/\">https:\/\/vl-consultoria.com\/index.php\/contact-us\/<\/a><\/p>","protected":false},"excerpt":{"rendered":"<p>This Cookies Policy explains how VANTAGEM LOUV\u00c1VEL &#8211; UNIPERSSOAL LDA uses cookies and similar technologies. Whenever you use Vl-consultoria\u2019s websites, products, advertising services or other technologies (\u201cServices\u201d), or visit a website, app or service which uses our [&hellip;]<\/p>","protected":false},"author":1,"featured_media":0,"parent":0,"menu_order":0,"comment_status":"closed","ping_status":"closed","template":"","meta":{"footnotes":""},"yoast_head":"<!-- This site is optimized with the Yoast SEO plugin v17.7.1 - https:\/\/yoast.com\/wordpress\/plugins\/seo\/ -->\n<title>Cookie Policy - Consultoria<\/title>\n<meta name=\"robots\" content=\"index, follow, max-snippet:-1, max-image-preview:large, max-video-preview:-1\" \/>\n<link rel=\"canonical\" href=\"https:\/\/vl-consultoria.com\/de\/cookie-policy\/\" \/>\n<meta property=\"og:locale\" content=\"de_DE\" \/>\n<meta property=\"og:type\" content=\"article\" \/>\n<meta property=\"og:title\" content=\"Cookie Policy - Consultoria\" \/>\n<meta property=\"og:description\" content=\"This Cookies Policy explains how VANTAGEM LOUV\u00c1VEL &#8211; UNIPERSSOAL LDA uses cookies and similar technologies. Whenever you use Vl-consultoria\u2019s websites, products, advertising services or other technologies (\u201cServices\u201d), or visit a website, app or service which uses our [&hellip;]\" \/>\n<meta property=\"og:url\" content=\"https:\/\/vl-consultoria.com\/de\/cookie-policy\/\" \/>\n<meta property=\"og:site_name\" content=\"Consultoria\" \/>\n<meta property=\"article:modified_time\" content=\"2021-11-12T09:29:14+00:00\" \/>\n<meta name=\"twitter:card\" content=\"summary_large_image\" \/>\n<meta name=\"twitter:label1\" content=\"Gesch\u00e4tzte Lesezeit\" \/>\n\t<meta name=\"twitter:data1\" content=\"6\u00a0Minuten\" \/>\n<script type=\"application\/ld+json\" class=\"yoast-schema-graph\">{\"@context\":\"https:\/\/schema.org\",\"@graph\":[{\"@type\":\"WebSite\",\"@id\":\"https:\/\/vl-consultoria.com\/de\/#website\",\"url\":\"https:\/\/vl-consultoria.com\/de\/\",\"name\":\"Consultoria\",\"description\":\"\",\"potentialAction\":[{\"@type\":\"SearchAction\",\"target\":{\"@type\":\"EntryPoint\",\"urlTemplate\":\"https:\/\/vl-consultoria.com\/de\/?s={search_term_string}\"},\"query-input\":\"required name=search_term_string\"}],\"inLanguage\":\"de\"},{\"@type\":\"WebPage\",\"@id\":\"https:\/\/vl-consultoria.com\/pt\/cookie-policy\/#webpage\",\"url\":\"https:\/\/vl-consultoria.com\/pt\/cookie-policy\/\",\"name\":\"Cookie Policy - Consultoria\",\"isPartOf\":{\"@id\":\"https:\/\/vl-consultoria.com\/de\/#website\"},\"datePublished\":\"2021-10-13T09:31:01+00:00\",\"dateModified\":\"2021-11-12T09:29:14+00:00\",\"breadcrumb\":{\"@id\":\"https:\/\/vl-consultoria.com\/pt\/cookie-policy\/#breadcrumb\"},\"inLanguage\":\"de\",\"potentialAction\":[{\"@type\":\"ReadAction\",\"target\":[\"https:\/\/vl-consultoria.com\/pt\/cookie-policy\/\"]}]},{\"@type\":\"BreadcrumbList\",\"@id\":\"https:\/\/vl-consultoria.com\/pt\/cookie-policy\/#breadcrumb\",\"itemListElement\":[{\"@type\":\"ListItem\",\"position\":1,\"name\":\"Home\",\"item\":\"https:\/\/vl-consultoria.com\/\"},{\"@type\":\"ListItem\",\"position\":2,\"name\":\"Cookie Policy\"}]}]}<\/script>\n<!-- \/ Yoast SEO plugin. -->","yoast_head_json":{"title":"Cookie Policy - Consultoria","robots":{"index":"index","follow":"follow","max-snippet":"max-snippet:-1","max-image-preview":"max-image-preview:large","max-video-preview":"max-video-preview:-1"},"canonical":"https:\/\/vl-consultoria.com\/de\/cookie-policy\/","og_locale":"de_DE","og_type":"article","og_title":"Cookie Policy - Consultoria","og_description":"This Cookies Policy explains how VANTAGEM LOUV\u00c1VEL &#8211; UNIPERSSOAL LDA uses cookies and similar technologies. Whenever you use Vl-consultoria\u2019s websites, products, advertising services or other technologies (\u201cServices\u201d), or visit a website, app or service which uses our [&hellip;]","og_url":"https:\/\/vl-consultoria.com\/de\/cookie-policy\/","og_site_name":"Consultoria","article_modified_time":"2021-11-12T09:29:14+00:00","twitter_card":"summary_large_image","twitter_misc":{"Gesch\u00e4tzte Lesezeit":"6\u00a0Minuten"},"schema":{"@context":"https:\/\/schema.org","@graph":[{"@type":"WebSite","@id":"https:\/\/vl-consultoria.com\/de\/#website","url":"https:\/\/vl-consultoria.com\/de\/","name":"Consultoria","description":"","potentialAction":[{"@type":"SearchAction","target":{"@type":"EntryPoint","urlTemplate":"https:\/\/vl-consultoria.com\/de\/?s={search_term_string}"},"query-input":"required name=search_term_string"}],"inLanguage":"de"},{"@type":"WebPage","@id":"https:\/\/vl-consultoria.com\/pt\/cookie-policy\/#webpage","url":"https:\/\/vl-consultoria.com\/pt\/cookie-policy\/","name":"Cookie Policy - Consultoria","isPartOf":{"@id":"https:\/\/vl-consultoria.com\/de\/#website"},"datePublished":"2021-10-13T09:31:01+00:00","dateModified":"2021-11-12T09:29:14+00:00","breadcrumb":{"@id":"https:\/\/vl-consultoria.com\/pt\/cookie-policy\/#breadcrumb"},"inLanguage":"de","potentialAction":[{"@type":"ReadAction","target":["https:\/\/vl-consultoria.com\/pt\/cookie-policy\/"]}]},{"@type":"BreadcrumbList","@id":"https:\/\/vl-consultoria.com\/pt\/cookie-policy\/#breadcrumb","itemListElement":[{"@type":"ListItem","position":1,"name":"Home","item":"https:\/\/vl-consultoria.com\/"},{"@type":"ListItem","position":2,"name":"Cookie Policy"}]}]}},"_links":{"self":[{"href":"https:\/\/vl-consultoria.com\/de\/wp-json\/wp\/v2\/pages\/4162"}],"collection":[{"href":"https:\/\/vl-consultoria.com\/de\/wp-json\/wp\/v2\/pages"}],"about":[{"href":"https:\/\/vl-consultoria.com\/de\/wp-json\/wp\/v2\/types\/page"}],"author":[{"embeddable":true,"href":"https:\/\/vl-consultoria.com\/de\/wp-json\/wp\/v2\/users\/1"}],"replies":[{"embeddable":true,"href":"https:\/\/vl-consultoria.com\/de\/wp-json\/wp\/v2\/comments?post=4162"}],"version-history":[{"count":8,"href":"https:\/\/vl-consultoria.com\/de\/wp-json\/wp\/v2\/pages\/4162\/revisions"}],"predecessor-version":[{"id":4695,"href":"https:\/\/vl-consultoria.com\/de\/wp-json\/wp\/v2\/pages\/4162\/revisions\/4695"}],"wp:attachment":[{"href":"https:\/\/vl-consultoria.com\/de\/wp-json\/wp\/v2\/media?parent=4162"}],"curies":[{"name":"wp","href":"https:\/\/api.w.org\/{rel}","templated":true}]}}