{"id":3,"date":"2021-10-04T13:21:15","date_gmt":"2021-10-04T13:21:15","guid":{"rendered":"http:\/\/vl-consultoria.com\/?page_id=3"},"modified":"2021-11-12T09:29:40","modified_gmt":"2021-11-12T09:29:40","slug":"privacy-policy","status":"publish","type":"page","link":"https:\/\/vl-consultoria.com\/de\/privacy-policy\/","title":{"rendered":"Datenschutz-Bestimmungen"},"content":{"rendered":"<p>Bei Vl-consultoria, die von <a href=\"https:\/\/www.Vl-consultoria.com\/\">https:\/\/www.Vl-consultoria.com\/<\/a>aus zug\u00e4nglich ist, ist eine unserer Hauptpriorit\u00e4ten die Privatsph\u00e4re unserer Besucher. Diese Datenschutzerkl\u00e4rung enth\u00e4lt Arten von Informationen, die von Vl-consultoria gesammelt und aufgezeichnet werden und wie wir sie verwenden.<\/p>\n\n\n\n<p>Diese Datenschutzerkl\u00e4rung gilt nur f\u00fcr unsere Online-Aktivit\u00e4ten und gilt f\u00fcr Besucher unserer Website in Bezug auf die Informationen, die sie in Vl-consultoria geteilt und\/oder gesammelt haben. Diese Richtlinie gilt nicht f\u00fcr Informationen, die offline oder \u00fcber andere Kan\u00e4le als diese Website gesammelt werden.<\/p>\n\n\n\n<p><strong><u>Einwilligen<\/u><\/strong><\/p>\n\n\n\n<p>Durch die Nutzung unserer Website stimmen Sie hiermit unserer Datenschutzrichtlinie zu und stimmen ihren Bedingungen zu.<\/p>\n\n\n\n<p><strong><u>Definitionen und Schl\u00fcsselbegriffe<\/u><\/strong><\/p>\n\n\n\n<p>Um die Dinge in dieser Datenschutzrichtlinie so klar wie m\u00f6glich zu erkl\u00e4ren, werden jedes Mal, wenn auf einen dieser Begriffe verwiesen wird, streng definiert als:<\/p>\n\n\n\n<p>&nbsp; -Unternehmen: Wenn in dieser Richtlinie \"Unternehmen\", \"wir\", \"uns\" oder \"unser\" erw\u00e4hnt wird, bezieht sie sich auf VANTAGEM LOUV\u00c1VEL \u2013 UNIPERSSOAL LDA (Rua da Alf\u00e2ndega 10, Funchal, 9000-059, Madeira Island, Portugal), das f\u00fcr Ihre Daten gem\u00e4\u00df dieser Datenschutzrichtlinie verantwortlich ist.<\/p>\n\n\n\n<p>&nbsp; -Land: wo Vl-consultoria oder die Eigent\u00fcmer\/Gr\u00fcnder von Vl-consultoria ihren Sitz haben, ist in diesem Fall Portugal<\/p>\n\n\n\n<p>&nbsp; -Kunde: bezieht sich auf das Unternehmen, die Organisation oder die Person, die sich anmeldet, um den Vl-consultoria-Service zu nutzen, um die Beziehungen zu Ihren Verbrauchern oder Servicenutzern zu verwalten.<\/p>\n\n\n\n<p>&nbsp; -Ger\u00e4t: jedes mit dem Internet verbundene Ger\u00e4t wie ein Telefon, Tablet, Computer oder jedes andere Ger\u00e4t, das verwendet werden kann, um Vl-consultoria zu besuchen und die Dienste zu nutzen.<\/p>\n\n\n\n<p>&nbsp; -IP-Adresse: Jedem Ger\u00e4t, das mit dem Internet verbunden ist, wird eine Nummer zugewiesen, die als IP-Adresse (Internet Protocol) bezeichnet wird. Diese Nummern werden normalerweise in geografischen Bl\u00f6cken zugewiesen. Eine IP-Adresse kann h\u00e4ufig verwendet werden, um den Standort zu identifizieren, von dem aus ein Ger\u00e4t eine Verbindung zum Internet herstellt.<\/p>\n\n\n\n<p>&nbsp; -Personal: bezieht sich auf diejenigen Personen, die bei Vl-consultoria angestellt sind oder vertraglich verpflichtet sind, eine Dienstleistung im Namen einer der Parteien zu erbringen.<\/p>\n\n\n\n<p>&nbsp; Personenbezogene Daten: alle Informationen, die direkt, indirekt oder in Verbindung mit anderen Informationen - einschlie\u00dflich einer pers\u00f6nlichen Identifikationsnummer - die Identifizierung oder Identifizierbarkeit einer nat\u00fcrlichen Person erm\u00f6glichen.<\/p>\n\n\n\n<p>&nbsp; -Service: bezieht sich auf den von Vl-consultoria bereitgestellten Service, wie in den entsprechenden Bedingungen (falls verf\u00fcgbar) und auf dieser Plattform beschrieben.<\/p>\n\n\n\n<p>&nbsp; -Drittanbieter-Service: bezieht sich auf Werbetreibende, Wettbewerbssponsoren, Werbe- und Marketingpartner und andere, die unsere Inhalte bereitstellen oder deren Produkte oder Dienstleistungen Sie unserer Meinung nach interessieren k\u00f6nnten.<\/p>\n\n\n\n<p>&nbsp; -Website: VANTAGEM LOUV\u00c1VEL \u2013 UNIPERSSOAL LDA s Website, die \u00fcber diese URL aufgerufen werden kann: <a href=\"https:\/\/vl-consultoria.com\/de\/\">https:\/\/vl-consultoria.com\/<\/a><\/p>\n\n\n\n<p>&nbsp; -Sie: eine nat\u00fcrliche oder juristische Person, die bei Vl-consultoria registriert ist, um die Dienste zu nutzen.<\/p>\n\n\n\n<p><strong><u>Informationen, die wir sammeln<\/u><\/strong><\/p>\n\n\n\n<p>Die personenbezogenen Daten, um deren Angabe Sie gebeten werden, und die Gr\u00fcnde, warum Sie aufgefordert werden, diese anzugeben, werden Ihnen an dem Punkt klargestellt, an dem wir Sie bitten, Ihre personenbezogenen Daten anzugeben.<\/p>\n\n\n\n<p>Wenn Sie uns direkt kontaktieren, erhalten wir m\u00f6glicherweise zus\u00e4tzliche Informationen \u00fcber Sie wie Ihren Namen, Ihre E-Mail-Adresse, Ihre Telefonnummer, den Inhalt der Nachricht und\/oder Anh\u00e4nge, die Sie uns senden, und alle anderen Informationen, die Sie uns zur Verf\u00fcgung stellen m\u00f6chten.<\/p>\n\n\n\n<p>Wenn Sie sich f\u00fcr ein Konto registrieren, fragen wir Sie m\u00f6glicherweise nach Ihren Kontaktinformationen, einschlie\u00dflich Elementen wie Name, Firmenname, Adresse, E-Mail-Adresse und Telefonnummer.<\/p>\n\n\n\n<p><strong><u>Wie wir Ihre Daten verwenden<\/u><\/strong><\/p>\n\n\n\n<p>Wir verwenden die von uns gesammelten Informationen auf verschiedene Arten, einschlie\u00dflich:<\/p>\n\n\n\n<ul><li>Bereitstellung, Betrieb und Wartung unserer Website<\/li><li>Verbessern, personalisieren und erweitern Sie unsere Website<\/li><li>Verstehen und analysieren, wie Sie unsere Website nutzen<\/li><li>Entwicklung neuer Produkte, Services, Features und Funktionen<\/li><li>Kommunikation mit Ihnen, entweder direkt oder \u00fcber einen unserer Partner, auch f\u00fcr den Kundendienst, um Ihnen Updates und andere Informationen in Bezug auf die<\/li><li>Ihnen E-Mails senden<\/li><li>Betrug finden und verhindern<\/li><\/ul>\n\n\n\n<p><strong><u>Wie lange bewahren wir Ihre Daten auf?<\/u><\/strong><\/p>\n\n\n\n<p>Wir bewahren Ihre Daten nur so lange auf, wie wir sie ben\u00f6tigen, um Ihnen Vl-consultoria zur Verf\u00fcgung zu stellen und die in dieser Richtlinie beschriebenen Zwecke zu erf\u00fcllen. Dies gilt auch f\u00fcr jeden, mit dem wir Ihre Daten teilen und der in unserem Auftrag Dienstleistungen erbringt. Wenn wir Ihre Daten nicht mehr verwenden m\u00fcssen und wir sie nicht aufbewahren m\u00fcssen, um unseren gesetzlichen oder beh\u00f6rdlichen Verpflichtungen nachzukommen, werden wir sie entweder aus unseren Systemen entfernen oder sie depersonalisieren, so dass wir Sie nicht identifizieren k\u00f6nnen.<\/p>\n\n\n\n<p><strong><u>Wie sch\u00fctzen wir Ihre Daten?<\/u><\/strong><\/p>\n\n\n\n<p>Wir implementieren eine Vielzahl von Sicherheitsma\u00dfnahmen, um die Sicherheit Ihrer personenbezogenen Daten zu gew\u00e4hrleisten, wenn Sie eine Bestellung aufgeben oder Ihre personenbezogenen Daten eingeben, \u00fcbermitteln oder darauf zugreifen. Wir bieten die Nutzung eines sicheren Servers an. Alle bereitgestellten sensiblen \/ Kreditinformationen werden \u00fcber die SSL-Technologie (Secure Socket Layer) \u00fcbertragen und dann in die Datenbank unseres Zahlungsgateway-Anbieters verschl\u00fcsselt, nur um f\u00fcr Personen zug\u00e4nglich zu sein, die \u00fcber spezielle Zugriffsrechte auf solche Systeme verf\u00fcgen, und sind verpflichtet, die Informationen vertraulich zu behandeln. Nach einer Transaktion werden Ihre privaten Informationen (Kreditkarten, Sozialversicherungsnummern, Finanzdaten usw.) niemals gespeichert. <strong><u><\/u><\/strong><\/p>\n\n\n\n<p><strong><u>Log-Dateien<\/u><\/strong><\/p>\n\n\n\n<p>Vl-consultoria folgt einem Standardverfahren zur Verwendung von Logfiles. Diese Dateien protokollieren Besucher, wenn sie Websites besuchen. Alle Hosting-Unternehmen tun dies und einen Teil der Analyse der Hosting-Dienste. Zu den von Protokolldateien gesammelten Informationen geh\u00f6ren Internetprotokolladressen (IP-Adressen), Browsertyp, Internetdienstanbieter (ISP), Datums- und Zeitstempel, Verweis-\/Ausstiegsseiten und m\u00f6glicherweise die Anzahl der Klicks. Diese sind nicht mit Informationen verkn\u00fcpft, die pers\u00f6nlich identifizierbar sind. Der Zweck der Informationen besteht darin, Trends zu analysieren, die Website zu verwalten, die Bewegung der Benutzer auf der Website zu verfolgen und demografische Informationen zu sammeln.<\/p>\n\n\n\n<p><strong><u>Cookies<\/u><\/strong><\/p>\n\n\n\n<p>Wie jede andere Website verwendet Vl-consultoria \"Cookies\". Diese Cookies werden verwendet, um Informationen zu speichern, einschlie\u00dflich der Pr\u00e4ferenzen der Besucher und der Seiten auf der Website, auf die der Besucher zugegriffen oder die er besucht hat. Die Informationen werden verwendet, um die Benutzererfahrung zu optimieren, indem der Inhalt unserer Webseite basierend auf dem Browsertyp der Besucher und \/ oder anderen Informationen angepasst wird.<\/p>\n\n\n\n<p><strong><u>Geltendes Recht<\/u><\/strong><\/p>\n\n\n\n<p>Diese Datenschutzrichtlinie unterliegt den Gesetzen Portugals ohne R\u00fccksicht auf die Kollisionsnormen. Sie stimmen der ausschlie\u00dflichen Zust\u00e4ndigkeit der Gerichte im Zusammenhang mit allen Klagen oder Streitigkeiten zu, die sich zwischen den Parteien im Rahmen oder im Zusammenhang mit dieser Datenschutzrichtlinie ergeben.<\/p>\n\n\n\n<p>Die Gesetze Portugals, unter Ausschluss der Kollisionsnormen, regeln diese Vereinbarung und Ihre Nutzung der Website. Ihre Nutzung der Website kann auch anderen lokalen, staatlichen, nationalen oder internationalen Gesetzen unterliegen.<\/p>\n\n\n\n<p>Indem Sie Vl-consultoria nutzen oder uns direkt kontaktieren, erkl\u00e4ren Sie sich mit dieser Datenschutzerkl\u00e4rung einverstanden. Wenn Sie dieser Datenschutzrichtlinie nicht zustimmen, sollten Sie sich nicht mit unserer Website besch\u00e4ftigen oder unsere Dienste nutzen. Die fortgesetzte Nutzung der Website, die direkte Kontaktaufnahme mit uns oder die Ver\u00f6ffentlichung von \u00c4nderungen an dieser Datenschutzrichtlinie, die die Verwendung oder Offenlegung Ihrer personenbezogenen Daten nicht wesentlich beeintr\u00e4chtigen, bedeuten, dass Sie diese \u00c4nderungen akzeptieren.<\/p>\n\n\n\n<p><strong><u>Datenschutzrichtlinien f\u00fcr Werbepartner<\/u><\/strong><\/p>\n\n\n\n<p>Sie k\u00f6nnen diese Liste konsultieren, um die Datenschutzerkl\u00e4rung f\u00fcr jeden der Werbepartner von Vl-consultoria zu finden.<\/p>\n\n\n\n<p>Ad-Server oder Ad-Netzwerke von Drittanbietern verwenden Technologien wie Cookies, die in ihren jeweiligen Anzeigen verwendet werden, und Links, die auf Vl-consultoria erscheinen und direkt an die Browser der Benutzer gesendet werden. Sie erhalten automatisch Ihre IP-Adresse, wenn dies geschieht. Diese Technologien werden verwendet, um die Wirksamkeit ihrer Werbekampagnen zu messen und\/oder um die Werbeinhalte zu personalisieren, die Sie auf den von Ihnen besuchten Websites sehen.<\/p>\n\n\n\n<p>Beachten Sie, dass Vl-consultoria keinen Zugriff auf oder Kontrolle \u00fcber diese Cookies hat, die von Drittanbieter-Werbetreibenden verwendet werden.<\/p>\n\n\n\n<p><strong><u>Datenschutzrichtlinien von Drittanbietern<\/u><\/strong><\/p>\n\n\n\n<p>Die Datenschutzerkl\u00e4rung von Vl-consultoria gilt nicht f\u00fcr andere Werbetreibende oder Websites. Daher empfehlen wir Ihnen, die jeweiligen Datenschutzrichtlinien dieser Drittanbieter-Ad-Server f\u00fcr detailliertere Informationen zu konsultieren. Es kann ihre Praktiken und Anweisungen enthalten, wie sie sich von bestimmten Optionen abmelden k\u00f6nnen.<\/p>\n\n\n\n<p>Sie k\u00f6nnen Cookies \u00fcber Ihre individuellen Browseroptionen deaktivieren. Um detailliertere Informationen \u00fcber die Cookie-Verwaltung mit bestimmten Webbrowsern zu erhalten, finden Sie diese auf den jeweiligen Websites der Browser.<\/p>\n\n\n\n<p><strong><u>DSGVO Datenschutzrechte<\/u><\/strong><\/p>\n\n\n\n<p>Wir m\u00f6chten sicherstellen, dass Sie alle Ihre Datenschutzrechte vollst\u00e4ndig kennen. Jeder Nutzer hat Anspruch auf Folgendes:<\/p>\n\n\n\n<p>Das Recht auf Zugang \u2013 Sie haben das Recht, Kopien Ihrer pers\u00f6nlichen Daten anzufordern. F\u00fcr diesen Service k\u00f6nnen wir Ihnen eine geringe Geb\u00fchr berechnen.<\/p>\n\n\n\n<p>Das Recht auf Berichtigung \u2013 Sie haben das Recht zu verlangen, dass wir alle Informationen korrigieren, die Sie f\u00fcr ungenau halten. Sie haben auch das Recht zu verlangen, dass wir die Informationen vervollst\u00e4ndigen, von denen Sie glauben, dass sie unvollst\u00e4ndig sind.<\/p>\n\n\n\n<p>Das Recht auf L\u00f6schung \u2013 Sie haben das Recht zu verlangen, dass wir Ihre personenbezogenen Daten unter bestimmten Bedingungen l\u00f6schen.<\/p>\n\n\n\n<p>Das Recht auf Einschr\u00e4nkung der Verarbeitung \u2013 Sie haben das Recht zu verlangen, dass wir die Verarbeitung Ihrer personenbezogenen Daten unter bestimmten Bedingungen einschr\u00e4nken.<\/p>\n\n\n\n<p>Das Recht, der Verarbeitung zu widersprechen \u2013 Sie haben das Recht, unserer Verarbeitung Ihrer personenbezogenen Daten unter bestimmten Bedingungen zu widersprechen.<\/p>\n\n\n\n<p>Das Recht auf Daten\u00fcbertragbarkeit \u2013 Sie haben das Recht zu verlangen, dass wir die von uns gesammelten Daten unter bestimmten Bedingungen an eine andere Organisation oder direkt an Sie \u00fcbertragen.<\/p>\n\n\n\n<p>Wenn Sie eine Anfrage stellen, haben wir einen Monat Zeit, um Ihnen zu antworten. Wenn Sie eines dieser Rechte aus\u00fcben m\u00f6chten, kontaktieren Sie uns bitte.<\/p>\n\n\n\n<p><strong><u>Informationen f\u00fcr Kinder<\/u><\/strong><\/p>\n\n\n\n<p>Ein weiterer Teil unserer Priorit\u00e4t ist der Schutz von Kindern bei der Nutzung des Internets. Wir ermutigen Eltern und Erziehungsberechtigte, ihre Online-Aktivit\u00e4ten zu beobachten, daran teilzunehmen und\/oder sie zu \u00fcberwachen und zu leiten.<\/p>\n\n\n\n<p>Vl-consultoria sammelt nicht wissentlich personenbezogene Daten von Kindern unter 18 Jahren. Wenn Sie der Meinung sind, dass Ihr Kind diese Art von Informationen auf unserer Website zur Verf\u00fcgung gestellt hat, empfehlen wir Ihnen dringend, uns sofort zu kontaktieren, und wir werden uns nach besten Kr\u00e4ften bem\u00fchen, diese Informationen umgehend aus unseren Aufzeichnungen zu entfernen.<\/p>\n\n\n\n<p><strong><u>\u00c4nderungen unserer Datenschutzerkl\u00e4rung<\/u><\/strong><\/p>\n\n\n\n<p>Wir k\u00f6nnen unseren Service und unsere Richtlinien \u00e4ndern, und wir m\u00fcssen m\u00f6glicherweise \u00c4nderungen an dieser Datenschutzrichtlinie vornehmen, damit sie unseren Service und unsere Richtlinien genau widerspiegeln. Sofern gesetzlich nicht anders vorgeschrieben, werden wir Sie benachrichtigen (z. B. \u00fcber unseren Service), bevor wir \u00c4nderungen an dieser Datenschutzrichtlinie vornehmen, und Ihnen die M\u00f6glichkeit geben, diese zu \u00fcberpr\u00fcfen, bevor sie in Kraft treten. Wenn Sie den Dienst dann weiterhin nutzen, sind Sie an die aktualisierte Datenschutzrichtlinie gebunden. Wenn Sie dieser oder einer aktualisierten Datenschutzrichtlinie nicht zustimmen m\u00f6chten, k\u00f6nnen Sie Ihr Konto l\u00f6schen.<\/p>\n\n\n\n<p><a><\/a><strong><u>Kontaktieren Sie uns<\/u><\/strong><\/p>\n\n\n\n<p>Wenn Sie weitere Fragen haben oder weitere Informationen zu unserer Datenschutzerkl\u00e4rung ben\u00f6tigen, z\u00f6gern Sie nicht, uns zu kontaktieren.<\/p>\n\n\n\n<p>\u00a0- Per E-Mail:\u00a0 <a href=\"mailto:info@artoney.com\"> <\/a><a href=\"mailto:info@vl-consultoria.com\">info@vl-consultoria.com<\/a><a href=\"mailto:info@artoney.com\"> <\/a><\/p>\n\n\n\n<p> \u2013 Telefon: <a href=\"tel: 351 920070541\">+351 920070541<\/a> <\/p>\n\n\n\n<p>&nbsp;- \u00dcber diesen Link:&nbsp; <a href=\"https:\/\/vl-consultoria.com\/index.php\/contact-us\/\">https:\/\/vl-consultoria.com\/index.php\/contact-us\/<\/a><\/p>","protected":false},"excerpt":{"rendered":"<p>At Vl-consultoria, accessible from https:\/\/www.Vl-consultoria.com\/, one of our main priorities is the privacy of our visitors. This Privacy Policy document contains types of information that is collected and recorded by Vl-consultoria and how we use it. This [&hellip;]<\/p>","protected":false},"author":1,"featured_media":0,"parent":0,"menu_order":0,"comment_status":"closed","ping_status":"open","template":"","meta":{"footnotes":""},"yoast_head":"<!-- This site is optimized with the Yoast SEO plugin v17.7.1 - https:\/\/yoast.com\/wordpress\/plugins\/seo\/ -->\n<title>Privacy Policy - Consultoria<\/title>\n<meta name=\"robots\" content=\"index, follow, max-snippet:-1, max-image-preview:large, max-video-preview:-1\" \/>\n<link rel=\"canonical\" href=\"https:\/\/vl-consultoria.com\/de\/privacy-policy\/\" \/>\n<meta property=\"og:locale\" content=\"de_DE\" \/>\n<meta property=\"og:type\" content=\"article\" \/>\n<meta property=\"og:title\" content=\"Privacy Policy - Consultoria\" \/>\n<meta property=\"og:description\" content=\"At Vl-consultoria, accessible from https:\/\/www.Vl-consultoria.com\/, one of our main priorities is the privacy of our visitors. This Privacy Policy document contains types of information that is collected and recorded by Vl-consultoria and how we use it. This [&hellip;]\" \/>\n<meta property=\"og:url\" content=\"https:\/\/vl-consultoria.com\/de\/privacy-policy\/\" \/>\n<meta property=\"og:site_name\" content=\"Consultoria\" \/>\n<meta property=\"article:modified_time\" content=\"2021-11-12T09:29:40+00:00\" \/>\n<meta name=\"twitter:card\" content=\"summary_large_image\" \/>\n<meta name=\"twitter:label1\" content=\"Gesch\u00e4tzte Lesezeit\" \/>\n\t<meta name=\"twitter:data1\" content=\"8\u00a0Minuten\" \/>\n<script type=\"application\/ld+json\" class=\"yoast-schema-graph\">{\"@context\":\"https:\/\/schema.org\",\"@graph\":[{\"@type\":\"WebSite\",\"@id\":\"https:\/\/vl-consultoria.com\/de\/#website\",\"url\":\"https:\/\/vl-consultoria.com\/de\/\",\"name\":\"Consultoria\",\"description\":\"\",\"potentialAction\":[{\"@type\":\"SearchAction\",\"target\":{\"@type\":\"EntryPoint\",\"urlTemplate\":\"https:\/\/vl-consultoria.com\/de\/?s={search_term_string}\"},\"query-input\":\"required name=search_term_string\"}],\"inLanguage\":\"de\"},{\"@type\":\"WebPage\",\"@id\":\"https:\/\/vl-consultoria.com\/pt\/privacy-policy\/#webpage\",\"url\":\"https:\/\/vl-consultoria.com\/pt\/privacy-policy\/\",\"name\":\"Privacy Policy - Consultoria\",\"isPartOf\":{\"@id\":\"https:\/\/vl-consultoria.com\/de\/#website\"},\"datePublished\":\"2021-10-04T13:21:15+00:00\",\"dateModified\":\"2021-11-12T09:29:40+00:00\",\"breadcrumb\":{\"@id\":\"https:\/\/vl-consultoria.com\/pt\/privacy-policy\/#breadcrumb\"},\"inLanguage\":\"de\",\"potentialAction\":[{\"@type\":\"ReadAction\",\"target\":[\"https:\/\/vl-consultoria.com\/pt\/privacy-policy\/\"]}]},{\"@type\":\"BreadcrumbList\",\"@id\":\"https:\/\/vl-consultoria.com\/pt\/privacy-policy\/#breadcrumb\",\"itemListElement\":[{\"@type\":\"ListItem\",\"position\":1,\"name\":\"Home\",\"item\":\"https:\/\/vl-consultoria.com\/\"},{\"@type\":\"ListItem\",\"position\":2,\"name\":\"Privacy Policy\"}]}]}<\/script>\n<!-- \/ Yoast SEO plugin. -->","yoast_head_json":{"title":"Privacy Policy - Consultoria","robots":{"index":"index","follow":"follow","max-snippet":"max-snippet:-1","max-image-preview":"max-image-preview:large","max-video-preview":"max-video-preview:-1"},"canonical":"https:\/\/vl-consultoria.com\/de\/privacy-policy\/","og_locale":"de_DE","og_type":"article","og_title":"Privacy Policy - Consultoria","og_description":"At Vl-consultoria, accessible from https:\/\/www.Vl-consultoria.com\/, one of our main priorities is the privacy of our visitors. This Privacy Policy document contains types of information that is collected and recorded by Vl-consultoria and how we use it. This [&hellip;]","og_url":"https:\/\/vl-consultoria.com\/de\/privacy-policy\/","og_site_name":"Consultoria","article_modified_time":"2021-11-12T09:29:40+00:00","twitter_card":"summary_large_image","twitter_misc":{"Gesch\u00e4tzte Lesezeit":"8\u00a0Minuten"},"schema":{"@context":"https:\/\/schema.org","@graph":[{"@type":"WebSite","@id":"https:\/\/vl-consultoria.com\/de\/#website","url":"https:\/\/vl-consultoria.com\/de\/","name":"Consultoria","description":"","potentialAction":[{"@type":"SearchAction","target":{"@type":"EntryPoint","urlTemplate":"https:\/\/vl-consultoria.com\/de\/?s={search_term_string}"},"query-input":"required name=search_term_string"}],"inLanguage":"de"},{"@type":"WebPage","@id":"https:\/\/vl-consultoria.com\/pt\/privacy-policy\/#webpage","url":"https:\/\/vl-consultoria.com\/pt\/privacy-policy\/","name":"Privacy Policy - Consultoria","isPartOf":{"@id":"https:\/\/vl-consultoria.com\/de\/#website"},"datePublished":"2021-10-04T13:21:15+00:00","dateModified":"2021-11-12T09:29:40+00:00","breadcrumb":{"@id":"https:\/\/vl-consultoria.com\/pt\/privacy-policy\/#breadcrumb"},"inLanguage":"de","potentialAction":[{"@type":"ReadAction","target":["https:\/\/vl-consultoria.com\/pt\/privacy-policy\/"]}]},{"@type":"BreadcrumbList","@id":"https:\/\/vl-consultoria.com\/pt\/privacy-policy\/#breadcrumb","itemListElement":[{"@type":"ListItem","position":1,"name":"Home","item":"https:\/\/vl-consultoria.com\/"},{"@type":"ListItem","position":2,"name":"Privacy Policy"}]}]}},"_links":{"self":[{"href":"https:\/\/vl-consultoria.com\/de\/wp-json\/wp\/v2\/pages\/3"}],"collection":[{"href":"https:\/\/vl-consultoria.com\/de\/wp-json\/wp\/v2\/pages"}],"about":[{"href":"https:\/\/vl-consultoria.com\/de\/wp-json\/wp\/v2\/types\/page"}],"author":[{"embeddable":true,"href":"https:\/\/vl-consultoria.com\/de\/wp-json\/wp\/v2\/users\/1"}],"replies":[{"embeddable":true,"href":"https:\/\/vl-consultoria.com\/de\/wp-json\/wp\/v2\/comments?post=3"}],"version-history":[{"count":6,"href":"https:\/\/vl-consultoria.com\/de\/wp-json\/wp\/v2\/pages\/3\/revisions"}],"predecessor-version":[{"id":4696,"href":"https:\/\/vl-consultoria.com\/de\/wp-json\/wp\/v2\/pages\/3\/revisions\/4696"}],"wp:attachment":[{"href":"https:\/\/vl-consultoria.com\/de\/wp-json\/wp\/v2\/media?parent=3"}],"curies":[{"name":"wp","href":"https:\/\/api.w.org\/{rel}","templated":true}]}}