{"id":13,"date":"2021-10-13T09:39:55","date_gmt":"2021-10-13T09:39:55","guid":{"rendered":"http:\/\/vl-consultoria.com\/?page_id=13"},"modified":"2021-11-23T15:27:24","modified_gmt":"2021-11-23T15:27:24","slug":"refund_returns","status":"publish","type":"page","link":"https:\/\/vl-consultoria.com\/de\/refund_returns\/","title":{"rendered":"R\u00fcckgaberecht"},"content":{"rendered":"<p>In einem ungl\u00fccklichen Szenario, in dem die R\u00fcckerstattung des Betrags gefordert wird, ist VANTAGEM LOUVAVEL - UNIPERSSOAL LDA strenge R\u00fcckerstattungspolitik unten angegeben.<\/p>\n\n\n\n<p>VANTAGEM LOUVAVEL - UNIPERSSOAL LDA ist ein Versicherungs- und Steuerberatungsb\u00fcro. Jeder Betrag, der im Rahmen seiner Dienstleistungen verdient wird, wird nicht zur\u00fcckerstattet, es sei denn, dies wird ausdr\u00fccklich erkl\u00e4rt. Das Beratungshonorar wird als Vorauszahlung behandelt und gilt als verdient f\u00fcr die Zeit und die Dienstleistungen des Beraters, au\u00dfer bei einer K\u00fcndigung des Vertrages aus wichtigem Grund:<\/p>\n\n\n\n<ul><li>Wenn etwas mit den gekauften Dienstleistungen nicht in Ordnung ist oder wenn Sie nicht zufrieden sind, haben Sie 2 Wochen Zeit, um eine R\u00fcckerstattung vorzunehmen.<\/li><\/ul>\n\n\n\n<ul><li>Angenommen, die vorzeitige Beendigung erfolgt vor der vollst\u00e4ndigen Erbringung der Dienstleistungen. In diesem Fall wird eine faire Berechnung auf der Grundlage des Tarifs f\u00fcr professionelle Dienstleistungen und etwaiger Erstattungen vorgenommen, und der nicht verdiente Teil des Betrags wird dem Kunden zur\u00fcckerstattet.&nbsp;<\/li><\/ul>\n\n\n\n<p>Eine vollst\u00e4ndige R\u00fcckerstattung erfolgt im Falle eines technischen Fehlers wie z.B. einer doppelten Abrechnung oder anderen F\u00e4llen, f\u00fcr die VANTAGEM LOUVAVEL - UNIPERSSOAL LDA verantwortlich ist. Ein R\u00fcckerstattungsanspruch ist im Falle der Unf\u00e4higkeit oder Inkompetenz bei der Ausf\u00fchrung der Dienstleistung zul\u00e4ssig. In diesem Fall muss eine faire Entsch\u00e4digungsberechnung gegen die Zeit und den Aufwand bewertet werden.&nbsp;<\/p>\n\n\n\n<p>Die R\u00fcckerstattung erfolgt \u00fcber die urspr\u00fcngliche Zahlungsweise oder per Bank\u00fcberweisung oder Scheck, wenn die R\u00fcckerstattung \u00fcber die urspr\u00fcngliche Zahlungsweise nicht m\u00f6glich ist.&nbsp;<\/p>\n\n\n\n<p>Jegliche R\u00fcckerstattungsanforderung sollte in schriftlicher Form per E-Mail unter Angabe des genauen Grundes f\u00fcr die R\u00fcckerstattungsforderung erfolgen, was sofort zur Aussetzung oder Beendigung der Dienste f\u00fchrt.&nbsp;<\/p>\n\n\n\n<p>Wenn Sie Unterst\u00fctzung oder Informationen ben\u00f6tigen, k\u00f6nnen Sie uns gerne unter <a href=\"mailto:info@vl-consultoria.com\">info@vl-consultoria.com<\/a> kontaktieren.<\/p>","protected":false},"excerpt":{"rendered":"<p>In an unfortunate scenario, where the refund of the amount is claimed, VANTAGEM LOUVAVEL &#8211; UNIPERSSOAL LDA strict Refund Policy is given below. VANTAGEM LOUVAVEL &#8211; UNIPERSSOAL LDA is an insurance and tax consulting agency. Any amount [&hellip;]<\/p>","protected":false},"author":1,"featured_media":0,"parent":0,"menu_order":0,"comment_status":"closed","ping_status":"closed","template":"","meta":{"footnotes":""},"yoast_head":"<!-- This site is optimized with the Yoast SEO plugin v17.7.1 - https:\/\/yoast.com\/wordpress\/plugins\/seo\/ -->\n<title>Refund Policy - Consultoria<\/title>\n<meta name=\"robots\" content=\"index, follow, max-snippet:-1, max-image-preview:large, max-video-preview:-1\" \/>\n<link rel=\"canonical\" href=\"https:\/\/vl-consultoria.com\/de\/refund_returns\/\" \/>\n<meta property=\"og:locale\" content=\"de_DE\" \/>\n<meta property=\"og:type\" content=\"article\" \/>\n<meta property=\"og:title\" content=\"Refund Policy - Consultoria\" \/>\n<meta property=\"og:description\" content=\"In an unfortunate scenario, where the refund of the amount is claimed, VANTAGEM LOUVAVEL &#8211; UNIPERSSOAL LDA strict Refund Policy is given below. VANTAGEM LOUVAVEL &#8211; UNIPERSSOAL LDA is an insurance and tax consulting agency. Any amount [&hellip;]\" \/>\n<meta property=\"og:url\" content=\"https:\/\/vl-consultoria.com\/de\/refund_returns\/\" \/>\n<meta property=\"og:site_name\" content=\"Consultoria\" \/>\n<meta property=\"article:modified_time\" content=\"2021-11-23T15:27:24+00:00\" \/>\n<meta name=\"twitter:card\" content=\"summary_large_image\" \/>\n<meta name=\"twitter:label1\" content=\"Gesch\u00e4tzte Lesezeit\" \/>\n\t<meta name=\"twitter:data1\" content=\"2\u00a0Minuten\" \/>\n<script type=\"application\/ld+json\" class=\"yoast-schema-graph\">{\"@context\":\"https:\/\/schema.org\",\"@graph\":[{\"@type\":\"WebSite\",\"@id\":\"https:\/\/vl-consultoria.com\/de\/#website\",\"url\":\"https:\/\/vl-consultoria.com\/de\/\",\"name\":\"Consultoria\",\"description\":\"\",\"potentialAction\":[{\"@type\":\"SearchAction\",\"target\":{\"@type\":\"EntryPoint\",\"urlTemplate\":\"https:\/\/vl-consultoria.com\/de\/?s={search_term_string}\"},\"query-input\":\"required name=search_term_string\"}],\"inLanguage\":\"de\"},{\"@type\":\"WebPage\",\"@id\":\"https:\/\/vl-consultoria.com\/pt\/refund_returns\/#webpage\",\"url\":\"https:\/\/vl-consultoria.com\/pt\/refund_returns\/\",\"name\":\"Refund Policy - Consultoria\",\"isPartOf\":{\"@id\":\"https:\/\/vl-consultoria.com\/de\/#website\"},\"datePublished\":\"2021-10-13T09:39:55+00:00\",\"dateModified\":\"2021-11-23T15:27:24+00:00\",\"breadcrumb\":{\"@id\":\"https:\/\/vl-consultoria.com\/pt\/refund_returns\/#breadcrumb\"},\"inLanguage\":\"de\",\"potentialAction\":[{\"@type\":\"ReadAction\",\"target\":[\"https:\/\/vl-consultoria.com\/pt\/refund_returns\/\"]}]},{\"@type\":\"BreadcrumbList\",\"@id\":\"https:\/\/vl-consultoria.com\/pt\/refund_returns\/#breadcrumb\",\"itemListElement\":[{\"@type\":\"ListItem\",\"position\":1,\"name\":\"Home\",\"item\":\"https:\/\/vl-consultoria.com\/\"},{\"@type\":\"ListItem\",\"position\":2,\"name\":\"Refund Policy\"}]}]}<\/script>\n<!-- \/ Yoast SEO plugin. -->","yoast_head_json":{"title":"Refund Policy - Consultoria","robots":{"index":"index","follow":"follow","max-snippet":"max-snippet:-1","max-image-preview":"max-image-preview:large","max-video-preview":"max-video-preview:-1"},"canonical":"https:\/\/vl-consultoria.com\/de\/refund_returns\/","og_locale":"de_DE","og_type":"article","og_title":"Refund Policy - Consultoria","og_description":"In an unfortunate scenario, where the refund of the amount is claimed, VANTAGEM LOUVAVEL &#8211; UNIPERSSOAL LDA strict Refund Policy is given below. VANTAGEM LOUVAVEL &#8211; UNIPERSSOAL LDA is an insurance and tax consulting agency. Any amount [&hellip;]","og_url":"https:\/\/vl-consultoria.com\/de\/refund_returns\/","og_site_name":"Consultoria","article_modified_time":"2021-11-23T15:27:24+00:00","twitter_card":"summary_large_image","twitter_misc":{"Gesch\u00e4tzte Lesezeit":"2\u00a0Minuten"},"schema":{"@context":"https:\/\/schema.org","@graph":[{"@type":"WebSite","@id":"https:\/\/vl-consultoria.com\/de\/#website","url":"https:\/\/vl-consultoria.com\/de\/","name":"Consultoria","description":"","potentialAction":[{"@type":"SearchAction","target":{"@type":"EntryPoint","urlTemplate":"https:\/\/vl-consultoria.com\/de\/?s={search_term_string}"},"query-input":"required name=search_term_string"}],"inLanguage":"de"},{"@type":"WebPage","@id":"https:\/\/vl-consultoria.com\/pt\/refund_returns\/#webpage","url":"https:\/\/vl-consultoria.com\/pt\/refund_returns\/","name":"Refund Policy - Consultoria","isPartOf":{"@id":"https:\/\/vl-consultoria.com\/de\/#website"},"datePublished":"2021-10-13T09:39:55+00:00","dateModified":"2021-11-23T15:27:24+00:00","breadcrumb":{"@id":"https:\/\/vl-consultoria.com\/pt\/refund_returns\/#breadcrumb"},"inLanguage":"de","potentialAction":[{"@type":"ReadAction","target":["https:\/\/vl-consultoria.com\/pt\/refund_returns\/"]}]},{"@type":"BreadcrumbList","@id":"https:\/\/vl-consultoria.com\/pt\/refund_returns\/#breadcrumb","itemListElement":[{"@type":"ListItem","position":1,"name":"Home","item":"https:\/\/vl-consultoria.com\/"},{"@type":"ListItem","position":2,"name":"Refund Policy"}]}]}},"_links":{"self":[{"href":"https:\/\/vl-consultoria.com\/de\/wp-json\/wp\/v2\/pages\/13"}],"collection":[{"href":"https:\/\/vl-consultoria.com\/de\/wp-json\/wp\/v2\/pages"}],"about":[{"href":"https:\/\/vl-consultoria.com\/de\/wp-json\/wp\/v2\/types\/page"}],"author":[{"embeddable":true,"href":"https:\/\/vl-consultoria.com\/de\/wp-json\/wp\/v2\/users\/1"}],"replies":[{"embeddable":true,"href":"https:\/\/vl-consultoria.com\/de\/wp-json\/wp\/v2\/comments?post=13"}],"version-history":[{"count":4,"href":"https:\/\/vl-consultoria.com\/de\/wp-json\/wp\/v2\/pages\/13\/revisions"}],"predecessor-version":[{"id":4699,"href":"https:\/\/vl-consultoria.com\/de\/wp-json\/wp\/v2\/pages\/13\/revisions\/4699"}],"wp:attachment":[{"href":"https:\/\/vl-consultoria.com\/de\/wp-json\/wp\/v2\/media?parent=13"}],"curies":[{"name":"wp","href":"https:\/\/api.w.org\/{rel}","templated":true}]}}